{"id":12167,"date":"2022-06-10T12:18:36","date_gmt":"2022-06-10T16:18:36","guid":{"rendered":"https:\/\/mbgcnh.org\/almuerzo-de-la-serie-de-oradores\/"},"modified":"2026-02-03T15:11:58","modified_gmt":"2026-02-03T19:11:58","slug":"almuerzo-de-la-serie-de-oradores","status":"publish","type":"page","link":"https:\/\/www.bgcgm.org\/es\/news-events\/almuerzo-de-la-serie-de-oradores\/","title":{"rendered":"Speakers Series Luncheon"},"content":{"rendered":"\t\t<div data-elementor-type=\"wp-page\" data-elementor-id=\"12167\" class=\"elementor elementor-12167 elementor-2651\" data-elementor-post-type=\"page\">\n\t\t\t\t\t\t<section class=\"elementor-section elementor-top-section elementor-element elementor-element-43bc1fa0 elementor-section-height-min-height elementor-section-boxed elementor-section-height-default elementor-section-items-middle\" data-id=\"43bc1fa0\" data-element_type=\"section\" data-e-type=\"section\" data-settings=\"{&quot;background_background&quot;:&quot;classic&quot;,&quot;shape_divider_bottom&quot;:&quot;mountains&quot;}\">\n\t\t\t\t\t\t\t<div class=\"elementor-background-overlay\"><\/div>\n\t\t\t\t\t\t<div class=\"elementor-shape elementor-shape-bottom\" aria-hidden=\"true\" data-negative=\"false\">\n\t\t\t<svg xmlns=\"http:\/\/www.w3.org\/2000\/svg\" viewBox=\"0 0 1000 100\" preserveAspectRatio=\"none\">\n\t<path class=\"elementor-shape-fill\" opacity=\"0.33\" d=\"M473,67.3c-203.9,88.3-263.1-34-320.3,0C66,119.1,0,59.7,0,59.7V0h1000v59.7 c0,0-62.1,26.1-94.9,29.3c-32.8,3.3-62.8-12.3-75.8-22.1C806,49.6,745.3,8.7,694.9,4.7S492.4,59,473,67.3z\"\/>\n\t<path class=\"elementor-shape-fill\" opacity=\"0.66\" d=\"M734,67.3c-45.5,0-77.2-23.2-129.1-39.1c-28.6-8.7-150.3-10.1-254,39.1 s-91.7-34.4-149.2,0C115.7,118.3,0,39.8,0,39.8V0h1000v36.5c0,0-28.2-18.5-92.1-18.5C810.2,18.1,775.7,67.3,734,67.3z\"\/>\n\t<path class=\"elementor-shape-fill\" d=\"M766.1,28.9c-200-57.5-266,65.5-395.1,19.5C242,1.8,242,5.4,184.8,20.6C128,35.8,132.3,44.9,89.9,52.5C28.6,63.7,0,0,0,0 h1000c0,0-9.9,40.9-83.6,48.1S829.6,47,766.1,28.9z\"\/>\n<\/svg>\t\t<\/div>\n\t\t\t\t\t<div class=\"elementor-container elementor-column-gap-no\">\n\t\t\t\t\t<div class=\"elementor-column elementor-col-100 elementor-top-column elementor-element elementor-element-7facc81e\" data-id=\"7facc81e\" data-element_type=\"column\" data-e-type=\"column\">\n\t\t\t<div class=\"elementor-widget-wrap elementor-element-populated\">\n\t\t\t\t\t\t<div class=\"elementor-element elementor-element-32c06d24 elementor-widget elementor-widget-heading\" data-id=\"32c06d24\" data-element_type=\"widget\" data-e-type=\"widget\" data-widget_type=\"heading.default\">\n\t\t\t\t<div class=\"elementor-widget-container\">\n\t\t\t\t\t<h1 class=\"elementor-heading-title elementor-size-default\">Serie de oradores<\/br>Almuerzo<\/h1>\t\t\t\t<\/div>\n\t\t\t\t<\/div>\n\t\t\t\t\t<\/div>\n\t\t<\/div>\n\t\t\t\t\t<\/div>\n\t\t<\/section>\n\t\t\t\t<section class=\"elementor-section elementor-top-section elementor-element elementor-element-19393193 elementor-section-boxed elementor-section-height-default elementor-section-height-default\" data-id=\"19393193\" data-element_type=\"section\" data-e-type=\"section\" data-settings=\"{&quot;shape_divider_top&quot;:&quot;mountains&quot;}\">\n\t\t\t\t\t<div class=\"elementor-shape elementor-shape-top\" aria-hidden=\"true\" data-negative=\"false\">\n\t\t\t<svg xmlns=\"http:\/\/www.w3.org\/2000\/svg\" viewBox=\"0 0 1000 100\" preserveAspectRatio=\"none\">\n\t<path class=\"elementor-shape-fill\" opacity=\"0.33\" d=\"M473,67.3c-203.9,88.3-263.1-34-320.3,0C66,119.1,0,59.7,0,59.7V0h1000v59.7 c0,0-62.1,26.1-94.9,29.3c-32.8,3.3-62.8-12.3-75.8-22.1C806,49.6,745.3,8.7,694.9,4.7S492.4,59,473,67.3z\"\/>\n\t<path class=\"elementor-shape-fill\" opacity=\"0.66\" d=\"M734,67.3c-45.5,0-77.2-23.2-129.1-39.1c-28.6-8.7-150.3-10.1-254,39.1 s-91.7-34.4-149.2,0C115.7,118.3,0,39.8,0,39.8V0h1000v36.5c0,0-28.2-18.5-92.1-18.5C810.2,18.1,775.7,67.3,734,67.3z\"\/>\n\t<path class=\"elementor-shape-fill\" d=\"M766.1,28.9c-200-57.5-266,65.5-395.1,19.5C242,1.8,242,5.4,184.8,20.6C128,35.8,132.3,44.9,89.9,52.5C28.6,63.7,0,0,0,0 h1000c0,0-9.9,40.9-83.6,48.1S829.6,47,766.1,28.9z\"\/>\n<\/svg>\t\t<\/div>\n\t\t\t\t\t<div class=\"elementor-container elementor-column-gap-no\">\n\t\t\t\t\t<div class=\"elementor-column elementor-col-100 elementor-top-column elementor-element elementor-element-17399d60\" data-id=\"17399d60\" data-element_type=\"column\" data-e-type=\"column\">\n\t\t\t<div class=\"elementor-widget-wrap elementor-element-populated\">\n\t\t\t\t\t\t<div class=\"elementor-element elementor-element-9e00ff3 elementor-widget elementor-widget-image\" data-id=\"9e00ff3\" data-element_type=\"widget\" data-e-type=\"widget\" data-widget_type=\"image.default\">\n\t\t\t\t<div class=\"elementor-widget-container\">\n\t\t\t\t\t\t\t\t\t\t\t\t\t\t\t<img fetchpriority=\"high\" decoding=\"async\" width=\"1536\" height=\"768\" src=\"https:\/\/www.bgcgm.org\/wp-content\/uploads\/2026\/02\/2026-Speaker-Series_Bill-Lee_Constant-Contact-1536x768.png\" class=\"attachment-1536x1536 size-1536x1536 wp-image-15880\" alt=\"\" srcset=\"https:\/\/www.bgcgm.org\/wp-content\/uploads\/2026\/02\/2026-Speaker-Series_Bill-Lee_Constant-Contact-1536x768.png 1536w, https:\/\/www.bgcgm.org\/wp-content\/uploads\/2026\/02\/2026-Speaker-Series_Bill-Lee_Constant-Contact-300x150.png 300w, https:\/\/www.bgcgm.org\/wp-content\/uploads\/2026\/02\/2026-Speaker-Series_Bill-Lee_Constant-Contact-1024x512.png 1024w, https:\/\/www.bgcgm.org\/wp-content\/uploads\/2026\/02\/2026-Speaker-Series_Bill-Lee_Constant-Contact-768x384.png 768w, https:\/\/www.bgcgm.org\/wp-content\/uploads\/2026\/02\/2026-Speaker-Series_Bill-Lee_Constant-Contact.png 1800w\" sizes=\"(max-width: 1536px) 100vw, 1536px\" \/>\t\t\t\t\t\t\t\t\t\t\t\t\t\t\t<\/div>\n\t\t\t\t<\/div>\n\t\t\t\t<div class=\"elementor-element elementor-element-ca1b69e elementor-widget elementor-widget-heading\" data-id=\"ca1b69e\" data-element_type=\"widget\" data-e-type=\"widget\" data-widget_type=\"heading.default\">\n\t\t\t\t<div class=\"elementor-widget-container\">\n\t\t\t\t\t<h2 class=\"elementor-heading-title elementor-size-default\"><b>\u00a1Conoce a Bill \"Spaceman\" Lee y escucha sus legendarias historias!<\/b><\/h2>\t\t\t\t<\/div>\n\t\t\t\t<\/div>\n\t\t\t\t<div class=\"elementor-element elementor-element-68e2978 elementor-widget elementor-widget-text-editor\" data-id=\"68e2978\" data-element_type=\"widget\" data-e-type=\"widget\" data-widget_type=\"text-editor.default\">\n\t\t\t\t<div class=\"elementor-widget-container\">\n\t\t\t\t\t\t\t\t\t<p class=\"cvGsUA direction-ltr align-start para-style-body\"><span class=\"a_GcMg font-feature-liga-off font-feature-clig-off font-feature-calt-off text-decoration-none text-strikethrough-none\">El ex lanzador de la MLB Bill \u00abSpaceman\u00bb Lee, jug\u00f3 para los Medias Rojas de Boston y los Expos de Montreal. Se uni\u00f3 a la liga en 1969 y pas\u00f3 14 temporadas  <\/span><span class=\"a_GcMg font-feature-liga-off font-feature-clig-off font-feature-calt-off text-decoration-none text-strikethrough-none\">en las ligas mayores, ganando 119 partidos y siendo elegido para el All-Star en 1973. <\/span><span class=\"a_GcMg font-feature-liga-off font-feature-clig-off font-feature-calt-off text-decoration-none text-strikethrough-none\">Fue decisivo en la carrera de los Medias Rojas hacia las Series Mundiales de 1975, <\/span><span class=\"a_GcMg font-feature-liga-off font-feature-clig-off font-feature-calt-off text-decoration-none text-strikethrough-none\">y fue incluido en el Sal\u00f3n de la Fama de los Medias Rojas en 2008.<\/span><\/p>\n<p class=\"cvGsUA direction-ltr align-start para-style-body\"><span class=\"a_GcMg font-feature-liga-off font-feature-clig-off font-feature-calt-off text-decoration-none text-strikethrough-none\">Sin embargo, no son las estad\u00edsticas las que hacen de Bill Lee un memorable  <\/span><span class=\"a_GcMg font-feature-liga-off font-feature-clig-off font-feature-calt-off text-decoration-none text-strikethrough-none\">figura, sino su personalidad extravagante y relajada. Es m\u00e1s conocido  <\/span><span class=\"a_GcMg font-feature-liga-off font-feature-clig-off font-feature-calt-off text-decoration-none text-strikethrough-none\">por sus coloridas historias y su amor por el juego, mucho despu\u00e9s de que <\/span><span class=\"a_GcMg font-feature-liga-off font-feature-clig-off font-feature-calt-off text-decoration-none text-strikethrough-none\">retirara su guante de las Grandes Ligas.<\/span><\/p>\n<p class=\"cvGsUA direction-ltr align-start para-style-body\"><span class=\"a_GcMg font-feature-liga-off font-feature-clig-off font-feature-calt-off text-decoration-none text-strikethrough-none\">M\u00e1s recientemente, Bill jug\u00f3 con los Savanah Bananas, haciendo <\/span><span class=\"a_GcMg font-feature-liga-off font-feature-clig-off font-feature-calt-off text-decoration-none text-strikethrough-none\">una aparici\u00f3n en Fenway en 2024 y 2025, \u00a1a la edad de 78 a\u00f1os!<\/span><\/p>\n\t\t\t\t\t\t\t\t<\/div>\n\t\t\t\t<\/div>\n\t\t\t\t<div class=\"elementor-element elementor-element-06b6a13 elementor-widget elementor-widget-text-editor\" data-id=\"06b6a13\" data-element_type=\"widget\" data-e-type=\"widget\" data-widget_type=\"text-editor.default\">\n\t\t\t\t<div class=\"elementor-widget-container\">\n\t\t\t\t\t\t\t\t\t<p><strong>Admisi\u00f3n general<\/strong> &#8211; entrada al acto principal al mediod\u00eda: 50 $ por persona o 400 $ por una mesa de 8 personas<\/p>\n<p><strong>Admisi\u00f3n VIP<\/strong> &#8211; entrada a un encuentro de una hora con Bill Lee a las 11 h y al acto principal a las 12 h: 100 $ por persona u 800 $ por una mesa de 8 personas<\/p>\n\t\t\t\t\t\t\t\t<\/div>\n\t\t\t\t<\/div>\n\t\t\t\t\t<\/div>\n\t\t<\/div>\n\t\t\t\t\t<\/div>\n\t\t<\/section>\n\t\t\t\t<section class=\"elementor-section elementor-top-section elementor-element elementor-element-b2cd1da elementor-section-boxed elementor-section-height-default elementor-section-height-default\" data-id=\"b2cd1da\" data-element_type=\"section\" data-e-type=\"section\">\n\t\t\t\t\t\t<div class=\"elementor-container elementor-column-gap-default\">\n\t\t\t\t\t<div class=\"elementor-column elementor-col-100 elementor-top-column elementor-element elementor-element-1146f4f\" data-id=\"1146f4f\" data-element_type=\"column\" data-e-type=\"column\">\n\t\t\t<div class=\"elementor-widget-wrap elementor-element-populated\">\n\t\t\t\t\t\t<div class=\"elementor-element elementor-element-dcf8516 elementor-align-center elementor-widget elementor-widget-button\" data-id=\"dcf8516\" data-element_type=\"widget\" data-e-type=\"widget\" data-widget_type=\"button.default\">\n\t\t\t\t<div class=\"elementor-widget-container\">\n\t\t\t\t\t\t\t\t\t<div class=\"elementor-button-wrapper\">\n\t\t\t\t\t<a class=\"elementor-button elementor-button-link elementor-size-sm\" href=\"https:\/\/host.nxt.blackbaud.com\/registration-form\/?formId=a1edd31a-dad2-46c5-8660-fe20df999270&#038;envId=p-YQMqEiDfmk6OmOtEHowRqw&#038;zone=usa\" target=\"_blank\">\n\t\t\t\t\t\t<span class=\"elementor-button-content-wrapper\">\n\t\t\t\t\t\t\t\t\t<span class=\"elementor-button-text\">inscr\u00edbete aqu\u00ed<\/span>\n\t\t\t\t\t<\/span>\n\t\t\t\t\t<\/a>\n\t\t\t\t<\/div>\n\t\t\t\t\t\t\t\t<\/div>\n\t\t\t\t<\/div>\n\t\t\t\t\t<\/div>\n\t\t<\/div>\n\t\t\t\t\t<\/div>\n\t\t<\/section>\n\t\t\t\t<section class=\"elementor-section elementor-top-section elementor-element elementor-element-da55b7d elementor-section-boxed elementor-section-height-default elementor-section-height-default\" data-id=\"da55b7d\" data-element_type=\"section\" data-e-type=\"section\">\n\t\t\t\t\t\t<div class=\"elementor-container elementor-column-gap-default\">\n\t\t\t\t\t<div class=\"elementor-column elementor-col-100 elementor-top-column elementor-element elementor-element-79e4fc75\" data-id=\"79e4fc75\" data-element_type=\"column\" data-e-type=\"column\">\n\t\t\t<div class=\"elementor-widget-wrap elementor-element-populated\">\n\t\t\t\t\t\t<div class=\"elementor-element elementor-element-52feb13 elementor-widget elementor-widget-heading\" data-id=\"52feb13\" data-element_type=\"widget\" data-e-type=\"widget\" data-widget_type=\"heading.default\">\n\t\t\t\t<div class=\"elementor-widget-container\">\n\t\t\t\t\t<h2 class=\"elementor-heading-title elementor-size-default\">Oportunidades de patrocinio<\/h2>\t\t\t\t<\/div>\n\t\t\t\t<\/div>\n\t\t\t\t<div class=\"elementor-element elementor-element-6b3f29ad elementor-widget elementor-widget-text-editor\" data-id=\"6b3f29ad\" data-element_type=\"widget\" data-e-type=\"widget\" data-widget_type=\"text-editor.default\">\n\t\t\t\t<div class=\"elementor-widget-container\">\n\t\t\t\t\t\t\t\t\t<p>\u00bfTe interesa patrocinar el Almuerzo de la Serie de Oradores? Tenemos numerosas oportunidades para que t\u00fa o tu empresa apoy\u00e9is el evento mediante un patrocinio. <a href=\"https:\/\/bgcgm.org\/wp-content\/uploads\/2025\/06\/2025-2026-Sponsor-Menu_Rev.-6.5.25_Speaker-Series.pdf\" target=\"_blank\" rel=\"noopener\">Haz clic aqu\u00ed<\/a> para obtener m\u00e1s informaci\u00f3n sobre los patrocinios disponibles o ponte en contacto con la Directora de Desarrollo, Hashira Rodr\u00edguez, en <a href=\"mailto:hrodriguez@bgcgm.org\">hrodriguez@bgcgm.org.<\/a><\/p>\n\t\t\t\t\t\t\t\t<\/div>\n\t\t\t\t<\/div>\n\t\t\t\t<div class=\"elementor-element elementor-element-10764b9 elementor-widget elementor-widget-heading\" data-id=\"10764b9\" data-element_type=\"widget\" data-e-type=\"widget\" data-widget_type=\"heading.default\">\n\t\t\t\t<div class=\"elementor-widget-container\">\n\t\t\t\t\t<h2 class=\"elementor-heading-title elementor-size-default\">Acerca del Almuerzo de la Serie de Oradores<\/h2>\t\t\t\t<\/div>\n\t\t\t\t<\/div>\n\t\t\t\t<div class=\"elementor-element elementor-element-8452ee3 elementor-widget elementor-widget-text-editor\" data-id=\"8452ee3\" data-element_type=\"widget\" data-e-type=\"widget\" data-widget_type=\"text-editor.default\">\n\t\t\t\t<div class=\"elementor-widget-container\">\n\t\t\t\t\t\t\t\t\t<p>El Almuerzo de la Serie de Oradores atrae a la comunidad empresarial, centr\u00e1ndose en mejorar el desarrollo profesional mediante la presentaci\u00f3n de oradores inspiradores y motivadores. Este acto, que se celebra en la sede de los Boys &amp; Girls Clubs of Greater Manchester Union Street Clubhouse, atrae a m\u00e1s de 200 profesionales de los negocios de la comunidad de Greater Manchester. Se servir\u00e1 un almuerzo con la oportunidad de establecer contactos y una presentaci\u00f3n de una hora a cargo del ponente principal.<\/p>\n<p><span lang=\"EN-US\" style=\"letter-spacing: 0px;\" xml:lang=\"EN-US\" data-contrast=\"auto\">Se sirve un almuerzo en caja con la oportunidad de establecer contactos y una presentaci\u00f3n de una hora a cargo del ponente principal.<\/span><\/p>\n\t\t\t\t\t\t\t\t<\/div>\n\t\t\t\t<\/div>\n\t\t\t\t\t<\/div>\n\t\t<\/div>\n\t\t\t\t\t<\/div>\n\t\t<\/section>\n\t\t\t\t<\/div>\n\t\t","protected":false},"excerpt":{"rendered":"<p>Serie de oradoresAlmuerzo \u00a1Conoce a Bill \u00abSpaceman\u00bb Lee y escucha sus legendarias historias! El ex lanzador de la MLB Bill \u00abSpaceman\u00bb Lee, jug\u00f3 para los Medias Rojas de Boston y los Expos de Montreal. Se uni\u00f3 a la liga en 1969 y pas\u00f3 14 temporadas en las ligas mayores, ganando 119 partidos y siendo elegido [&hellip;]<\/p>\n","protected":false},"author":1,"featured_media":0,"parent":12315,"menu_order":0,"comment_status":"closed","ping_status":"closed","template":"elementor_header_footer","meta":{"footnotes":""},"class_list":["post-12167","page","type-page","status-publish","hentry"],"yoast_head":"<!-- This site is optimized with the Yoast SEO plugin v27.2 - https:\/\/yoast.com\/product\/yoast-seo-wordpress\/ -->\n<title>Speakers Series Luncheon - Boys &amp; Girls Clubs of Greater Manchester<\/title>\n<meta name=\"robots\" content=\"index, follow, max-snippet:-1, max-image-preview:large, max-video-preview:-1\" \/>\n<link rel=\"canonical\" href=\"https:\/\/www.bgcgm.org\/es\/news-events\/almuerzo-de-la-serie-de-oradores\/\" \/>\n<meta property=\"og:locale\" content=\"es_ES\" \/>\n<meta property=\"og:type\" content=\"article\" \/>\n<meta property=\"og:title\" content=\"Speakers Series Luncheon - Boys &amp; Girls Clubs of Greater Manchester\" \/>\n<meta property=\"og:description\" content=\"Serie de oradoresAlmuerzo \u00a1Conoce a Bill \u00abSpaceman\u00bb Lee y escucha sus legendarias historias! El ex lanzador de la MLB Bill \u00abSpaceman\u00bb Lee, jug\u00f3 para los Medias Rojas de Boston y los Expos de Montreal. Se uni\u00f3 a la liga en 1969 y pas\u00f3 14 temporadas en las ligas mayores, ganando 119 partidos y siendo elegido [&hellip;]\" \/>\n<meta property=\"og:url\" content=\"https:\/\/www.bgcgm.org\/es\/news-events\/almuerzo-de-la-serie-de-oradores\/\" \/>\n<meta property=\"og:site_name\" content=\"Boys &amp; Girls Clubs of Greater Manchester\" \/>\n<meta property=\"article:modified_time\" content=\"2026-02-03T19:11:58+00:00\" \/>\n<meta property=\"og:image\" content=\"https:\/\/www.bgcgm.org\/wp-content\/uploads\/2026\/02\/2026-Speaker-Series_Bill-Lee_Constant-Contact.png\" \/>\n\t<meta property=\"og:image:width\" content=\"1800\" \/>\n\t<meta property=\"og:image:height\" content=\"900\" \/>\n\t<meta property=\"og:image:type\" content=\"image\/png\" \/>\n<meta name=\"twitter:card\" content=\"summary_large_image\" \/>\n<meta name=\"twitter:label1\" content=\"Tiempo de lectura\" \/>\n\t<meta name=\"twitter:data1\" content=\"2 minutos\" \/>\n<script type=\"application\/ld+json\" class=\"yoast-schema-graph\">{\"@context\":\"https:\/\/schema.org\",\"@graph\":[{\"@type\":\"WebPage\",\"@id\":\"https:\/\/www.bgcgm.org\/es\/news-events\/almuerzo-de-la-serie-de-oradores\/\",\"url\":\"https:\/\/www.bgcgm.org\/es\/news-events\/almuerzo-de-la-serie-de-oradores\/\",\"name\":\"Speakers Series Luncheon - Boys &amp; Girls Clubs of Greater Manchester\",\"isPartOf\":{\"@id\":\"https:\/\/bgcgm.org\/#website\"},\"primaryImageOfPage\":{\"@id\":\"https:\/\/www.bgcgm.org\/es\/news-events\/almuerzo-de-la-serie-de-oradores\/#primaryimage\"},\"image\":{\"@id\":\"https:\/\/www.bgcgm.org\/es\/news-events\/almuerzo-de-la-serie-de-oradores\/#primaryimage\"},\"thumbnailUrl\":\"https:\/\/bgcgm.org\/wp-content\/uploads\/2026\/02\/2026-Speaker-Series_Bill-Lee_Constant-Contact-1536x768.png\",\"datePublished\":\"2022-06-10T16:18:36+00:00\",\"dateModified\":\"2026-02-03T19:11:58+00:00\",\"breadcrumb\":{\"@id\":\"https:\/\/www.bgcgm.org\/es\/news-events\/almuerzo-de-la-serie-de-oradores\/#breadcrumb\"},\"inLanguage\":\"es\",\"potentialAction\":[{\"@type\":\"ReadAction\",\"target\":[\"https:\/\/www.bgcgm.org\/es\/news-events\/almuerzo-de-la-serie-de-oradores\/\"]}]},{\"@type\":\"ImageObject\",\"inLanguage\":\"es\",\"@id\":\"https:\/\/www.bgcgm.org\/es\/news-events\/almuerzo-de-la-serie-de-oradores\/#primaryimage\",\"url\":\"https:\/\/bgcgm.org\/wp-content\/uploads\/2026\/02\/2026-Speaker-Series_Bill-Lee_Constant-Contact-1536x768.png\",\"contentUrl\":\"https:\/\/bgcgm.org\/wp-content\/uploads\/2026\/02\/2026-Speaker-Series_Bill-Lee_Constant-Contact-1536x768.png\"},{\"@type\":\"BreadcrumbList\",\"@id\":\"https:\/\/www.bgcgm.org\/es\/news-events\/almuerzo-de-la-serie-de-oradores\/#breadcrumb\",\"itemListElement\":[{\"@type\":\"ListItem\",\"position\":1,\"name\":\"Home\",\"item\":\"https:\/\/bgcgm.org\/es\/inicio\/\"},{\"@type\":\"ListItem\",\"position\":2,\"name\":\"News &amp; Events\",\"item\":\"https:\/\/bgcgm.org\/es\/news-events\/\"},{\"@type\":\"ListItem\",\"position\":3,\"name\":\"Speakers Series Luncheon\"}]},{\"@type\":\"WebSite\",\"@id\":\"https:\/\/bgcgm.org\/#website\",\"url\":\"https:\/\/bgcgm.org\/\",\"name\":\"Boys &amp; Girls Clubs of Greater Manchester\",\"description\":\"Boys &amp; Girls Clubs of Greater Manchester\",\"publisher\":{\"@id\":\"https:\/\/bgcgm.org\/#organization\"},\"potentialAction\":[{\"@type\":\"SearchAction\",\"target\":{\"@type\":\"EntryPoint\",\"urlTemplate\":\"https:\/\/bgcgm.org\/?s={search_term_string}\"},\"query-input\":{\"@type\":\"PropertyValueSpecification\",\"valueRequired\":true,\"valueName\":\"search_term_string\"}}],\"inLanguage\":\"es\"},{\"@type\":\"Organization\",\"@id\":\"https:\/\/bgcgm.org\/#organization\",\"name\":\"Boys &amp; Girls Clubs of Greater Manchester\",\"url\":\"https:\/\/bgcgm.org\/\",\"logo\":{\"@type\":\"ImageObject\",\"inLanguage\":\"es\",\"@id\":\"https:\/\/bgcgm.org\/#\/schema\/logo\/image\/\",\"url\":\"https:\/\/www.bgcgm.org\/wp-content\/uploads\/2022\/04\/BGCGM-CLUBS-Logo-Color-Centered.png\",\"contentUrl\":\"https:\/\/www.bgcgm.org\/wp-content\/uploads\/2022\/04\/BGCGM-CLUBS-Logo-Color-Centered.png\",\"width\":19227,\"height\":10302,\"caption\":\"Boys &amp; Girls Clubs of Greater Manchester\"},\"image\":{\"@id\":\"https:\/\/bgcgm.org\/#\/schema\/logo\/image\/\"}}]}<\/script>\n<!-- \/ Yoast SEO plugin. -->","yoast_head_json":{"title":"Speakers Series Luncheon - Boys &amp; Girls Clubs of Greater Manchester","robots":{"index":"index","follow":"follow","max-snippet":"max-snippet:-1","max-image-preview":"max-image-preview:large","max-video-preview":"max-video-preview:-1"},"canonical":"https:\/\/www.bgcgm.org\/es\/news-events\/almuerzo-de-la-serie-de-oradores\/","og_locale":"es_ES","og_type":"article","og_title":"Speakers Series Luncheon - Boys &amp; Girls Clubs of Greater Manchester","og_description":"Serie de oradoresAlmuerzo \u00a1Conoce a Bill \u00abSpaceman\u00bb Lee y escucha sus legendarias historias! El ex lanzador de la MLB Bill \u00abSpaceman\u00bb Lee, jug\u00f3 para los Medias Rojas de Boston y los Expos de Montreal. Se uni\u00f3 a la liga en 1969 y pas\u00f3 14 temporadas en las ligas mayores, ganando 119 partidos y siendo elegido [&hellip;]","og_url":"https:\/\/www.bgcgm.org\/es\/news-events\/almuerzo-de-la-serie-de-oradores\/","og_site_name":"Boys &amp; Girls Clubs of Greater Manchester","article_modified_time":"2026-02-03T19:11:58+00:00","og_image":[{"width":1800,"height":900,"url":"https:\/\/www.bgcgm.org\/wp-content\/uploads\/2026\/02\/2026-Speaker-Series_Bill-Lee_Constant-Contact.png","type":"image\/png"}],"twitter_card":"summary_large_image","twitter_misc":{"Tiempo de lectura":"2 minutos"},"schema":{"@context":"https:\/\/schema.org","@graph":[{"@type":"WebPage","@id":"https:\/\/www.bgcgm.org\/es\/news-events\/almuerzo-de-la-serie-de-oradores\/","url":"https:\/\/www.bgcgm.org\/es\/news-events\/almuerzo-de-la-serie-de-oradores\/","name":"Speakers Series Luncheon - Boys &amp; Girls Clubs of Greater Manchester","isPartOf":{"@id":"https:\/\/bgcgm.org\/#website"},"primaryImageOfPage":{"@id":"https:\/\/www.bgcgm.org\/es\/news-events\/almuerzo-de-la-serie-de-oradores\/#primaryimage"},"image":{"@id":"https:\/\/www.bgcgm.org\/es\/news-events\/almuerzo-de-la-serie-de-oradores\/#primaryimage"},"thumbnailUrl":"https:\/\/bgcgm.org\/wp-content\/uploads\/2026\/02\/2026-Speaker-Series_Bill-Lee_Constant-Contact-1536x768.png","datePublished":"2022-06-10T16:18:36+00:00","dateModified":"2026-02-03T19:11:58+00:00","breadcrumb":{"@id":"https:\/\/www.bgcgm.org\/es\/news-events\/almuerzo-de-la-serie-de-oradores\/#breadcrumb"},"inLanguage":"es","potentialAction":[{"@type":"ReadAction","target":["https:\/\/www.bgcgm.org\/es\/news-events\/almuerzo-de-la-serie-de-oradores\/"]}]},{"@type":"ImageObject","inLanguage":"es","@id":"https:\/\/www.bgcgm.org\/es\/news-events\/almuerzo-de-la-serie-de-oradores\/#primaryimage","url":"https:\/\/bgcgm.org\/wp-content\/uploads\/2026\/02\/2026-Speaker-Series_Bill-Lee_Constant-Contact-1536x768.png","contentUrl":"https:\/\/bgcgm.org\/wp-content\/uploads\/2026\/02\/2026-Speaker-Series_Bill-Lee_Constant-Contact-1536x768.png"},{"@type":"BreadcrumbList","@id":"https:\/\/www.bgcgm.org\/es\/news-events\/almuerzo-de-la-serie-de-oradores\/#breadcrumb","itemListElement":[{"@type":"ListItem","position":1,"name":"Home","item":"https:\/\/bgcgm.org\/es\/inicio\/"},{"@type":"ListItem","position":2,"name":"News &amp; Events","item":"https:\/\/bgcgm.org\/es\/news-events\/"},{"@type":"ListItem","position":3,"name":"Speakers Series Luncheon"}]},{"@type":"WebSite","@id":"https:\/\/bgcgm.org\/#website","url":"https:\/\/bgcgm.org\/","name":"Boys &amp; Girls Clubs of Greater Manchester","description":"Boys &amp; Girls Clubs of Greater Manchester","publisher":{"@id":"https:\/\/bgcgm.org\/#organization"},"potentialAction":[{"@type":"SearchAction","target":{"@type":"EntryPoint","urlTemplate":"https:\/\/bgcgm.org\/?s={search_term_string}"},"query-input":{"@type":"PropertyValueSpecification","valueRequired":true,"valueName":"search_term_string"}}],"inLanguage":"es"},{"@type":"Organization","@id":"https:\/\/bgcgm.org\/#organization","name":"Boys &amp; Girls Clubs of Greater Manchester","url":"https:\/\/bgcgm.org\/","logo":{"@type":"ImageObject","inLanguage":"es","@id":"https:\/\/bgcgm.org\/#\/schema\/logo\/image\/","url":"https:\/\/www.bgcgm.org\/wp-content\/uploads\/2022\/04\/BGCGM-CLUBS-Logo-Color-Centered.png","contentUrl":"https:\/\/www.bgcgm.org\/wp-content\/uploads\/2022\/04\/BGCGM-CLUBS-Logo-Color-Centered.png","width":19227,"height":10302,"caption":"Boys &amp; Girls Clubs of Greater Manchester"},"image":{"@id":"https:\/\/bgcgm.org\/#\/schema\/logo\/image\/"}}]}},"_links":{"self":[{"href":"https:\/\/www.bgcgm.org\/es\/wp-json\/wp\/v2\/pages\/12167","targetHints":{"allow":["GET"]}}],"collection":[{"href":"https:\/\/www.bgcgm.org\/es\/wp-json\/wp\/v2\/pages"}],"about":[{"href":"https:\/\/www.bgcgm.org\/es\/wp-json\/wp\/v2\/types\/page"}],"author":[{"embeddable":true,"href":"https:\/\/www.bgcgm.org\/es\/wp-json\/wp\/v2\/users\/1"}],"replies":[{"embeddable":true,"href":"https:\/\/www.bgcgm.org\/es\/wp-json\/wp\/v2\/comments?post=12167"}],"version-history":[{"count":7,"href":"https:\/\/www.bgcgm.org\/es\/wp-json\/wp\/v2\/pages\/12167\/revisions"}],"predecessor-version":[{"id":15892,"href":"https:\/\/www.bgcgm.org\/es\/wp-json\/wp\/v2\/pages\/12167\/revisions\/15892"}],"up":[{"embeddable":true,"href":"https:\/\/www.bgcgm.org\/es\/wp-json\/wp\/v2\/pages\/12315"}],"wp:attachment":[{"href":"https:\/\/www.bgcgm.org\/es\/wp-json\/wp\/v2\/media?parent=12167"}],"curies":[{"name":"wp","href":"https:\/\/api.w.org\/{rel}","templated":true}]}}