{"id":12190,"date":"2022-06-24T16:38:45","date_gmt":"2022-06-24T20:38:45","guid":{"rendered":"https:\/\/mbgcnh.org\/sobre-nosotros\/becas\/"},"modified":"2024-07-02T08:56:28","modified_gmt":"2024-07-02T12:56:28","slug":"becas","status":"publish","type":"page","link":"https:\/\/www.bgcgm.org\/es\/sobre-nosotros\/becas\/","title":{"rendered":"Becas"},"content":{"rendered":"\t\t<div data-elementor-type=\"wp-page\" data-elementor-id=\"12190\" class=\"elementor elementor-12190 elementor-3497\" data-elementor-post-type=\"page\">\n\t\t\t\t\t\t<section class=\"elementor-section elementor-top-section elementor-element elementor-element-5ddfbe89 elementor-section-height-min-height elementor-section-boxed elementor-section-height-default elementor-section-items-middle\" data-id=\"5ddfbe89\" data-element_type=\"section\" data-e-type=\"section\" data-settings=\"{&quot;background_background&quot;:&quot;classic&quot;,&quot;shape_divider_bottom&quot;:&quot;mountains&quot;}\">\n\t\t\t\t\t\t\t<div class=\"elementor-background-overlay\"><\/div>\n\t\t\t\t\t\t<div class=\"elementor-shape elementor-shape-bottom\" aria-hidden=\"true\" data-negative=\"false\">\n\t\t\t<svg xmlns=\"http:\/\/www.w3.org\/2000\/svg\" viewBox=\"0 0 1000 100\" preserveAspectRatio=\"none\">\n\t<path class=\"elementor-shape-fill\" opacity=\"0.33\" d=\"M473,67.3c-203.9,88.3-263.1-34-320.3,0C66,119.1,0,59.7,0,59.7V0h1000v59.7 c0,0-62.1,26.1-94.9,29.3c-32.8,3.3-62.8-12.3-75.8-22.1C806,49.6,745.3,8.7,694.9,4.7S492.4,59,473,67.3z\"\/>\n\t<path class=\"elementor-shape-fill\" opacity=\"0.66\" d=\"M734,67.3c-45.5,0-77.2-23.2-129.1-39.1c-28.6-8.7-150.3-10.1-254,39.1 s-91.7-34.4-149.2,0C115.7,118.3,0,39.8,0,39.8V0h1000v36.5c0,0-28.2-18.5-92.1-18.5C810.2,18.1,775.7,67.3,734,67.3z\"\/>\n\t<path class=\"elementor-shape-fill\" d=\"M766.1,28.9c-200-57.5-266,65.5-395.1,19.5C242,1.8,242,5.4,184.8,20.6C128,35.8,132.3,44.9,89.9,52.5C28.6,63.7,0,0,0,0 h1000c0,0-9.9,40.9-83.6,48.1S829.6,47,766.1,28.9z\"\/>\n<\/svg>\t\t<\/div>\n\t\t\t\t\t<div class=\"elementor-container elementor-column-gap-no\">\n\t\t\t\t\t<div class=\"elementor-column elementor-col-100 elementor-top-column elementor-element elementor-element-2bc6908c\" data-id=\"2bc6908c\" data-element_type=\"column\" data-e-type=\"column\">\n\t\t\t<div class=\"elementor-widget-wrap elementor-element-populated\">\n\t\t\t\t\t\t<div class=\"elementor-element elementor-element-9e805ca elementor-widget elementor-widget-heading\" data-id=\"9e805ca\" data-element_type=\"widget\" data-e-type=\"widget\" data-widget_type=\"heading.default\">\n\t\t\t\t<div class=\"elementor-widget-container\">\n\t\t\t\t\t<h1 class=\"elementor-heading-title elementor-size-default\">Becas para antiguos alumnos  <\/h1>\t\t\t\t<\/div>\n\t\t\t\t<\/div>\n\t\t\t\t\t<\/div>\n\t\t<\/div>\n\t\t\t\t\t<\/div>\n\t\t<\/section>\n\t\t\t\t<section class=\"elementor-section elementor-top-section elementor-element elementor-element-ac100dd elementor-section-boxed elementor-section-height-default elementor-section-height-default\" data-id=\"ac100dd\" data-element_type=\"section\" data-e-type=\"section\">\n\t\t\t\t\t\t<div class=\"elementor-container elementor-column-gap-no\">\n\t\t\t\t\t<div class=\"elementor-column elementor-col-100 elementor-top-column elementor-element elementor-element-2bf8b756\" data-id=\"2bf8b756\" data-element_type=\"column\" data-e-type=\"column\">\n\t\t\t<div class=\"elementor-widget-wrap elementor-element-populated\">\n\t\t\t\t\t\t<div class=\"elementor-element elementor-element-982f4d1 elementor-widget elementor-widget-heading\" data-id=\"982f4d1\" data-element_type=\"widget\" data-e-type=\"widget\" data-widget_type=\"heading.default\">\n\t\t\t\t<div class=\"elementor-widget-container\">\n\t\t\t\t\t<h2 class=\"elementor-heading-title elementor-size-default\">Becas<\/h2>\t\t\t\t<\/div>\n\t\t\t\t<\/div>\n\t\t\t\t<div class=\"elementor-element elementor-element-35ed7bc elementor-widget elementor-widget-text-editor\" data-id=\"35ed7bc\" data-element_type=\"widget\" data-e-type=\"widget\" data-widget_type=\"text-editor.default\">\n\t\t\t\t<div class=\"elementor-widget-container\">\n\t\t\t\t\t\t\t\t\t<div><span class=\"TextRun SCXW156623309 BCX0\" lang=\"EN-US\" xml:lang=\"EN-US\" data-contrast=\"none\"><span class=\"NormalTextRun SCXW156623309 BCX0\">El Boys &amp; Girls Club de Manchester ofrece oportunidades de becas a los miembros actuales y anteriores que hayan formado parte del Club durante al menos un a\u00f1o. Las oportunidades de becas est\u00e1n disponibles para estudiantes de \u00faltimo curso de bachillerato hasta el tercer a\u00f1o de universidad.<\/span><\/span><span class=\"EOP SCXW156623309 BCX0\" data-ccp-props=\"{}\"> <\/span><\/div>\n<div> <\/div>\n<div><strong>El plazo para TODAS las becas se ha ampliado hasta el viernes 17 de mayo de 2024.  <\/strong><\/div>\n<div> <\/div>\n\t\t\t\t\t\t\t\t<\/div>\n\t\t\t\t<\/div>\n\t\t\t\t\t<\/div>\n\t\t<\/div>\n\t\t\t\t\t<\/div>\n\t\t<\/section>\n\t\t\t\t<section class=\"elementor-section elementor-top-section elementor-element elementor-element-17c1bcd elementor-section-boxed elementor-section-height-default elementor-section-height-default\" data-id=\"17c1bcd\" data-element_type=\"section\" data-e-type=\"section\">\n\t\t\t\t\t\t<div class=\"elementor-container elementor-column-gap-default\">\n\t\t\t\t\t<div class=\"elementor-column elementor-col-100 elementor-top-column elementor-element elementor-element-b2fd053\" data-id=\"b2fd053\" data-element_type=\"column\" data-e-type=\"column\">\n\t\t\t<div class=\"elementor-widget-wrap elementor-element-populated\">\n\t\t\t\t\t\t<div class=\"elementor-element elementor-element-5019110 elementor-widget elementor-widget-heading\" data-id=\"5019110\" data-element_type=\"widget\" data-e-type=\"widget\" data-widget_type=\"heading.default\">\n\t\t\t\t<div class=\"elementor-widget-container\">\n\t\t\t\t\t<h2 class=\"elementor-heading-title elementor-size-default\">Club de Ni\u00f1os y Ni\u00f1as de Manchester\nBeca para antiguos alumnos&nbsp;<\/h2>\t\t\t\t<\/div>\n\t\t\t\t<\/div>\n\t\t\t\t<div class=\"elementor-element elementor-element-0ca9d51 elementor-widget elementor-widget-text-editor\" data-id=\"0ca9d51\" data-element_type=\"widget\" data-e-type=\"widget\" data-widget_type=\"text-editor.default\">\n\t\t\t\t<div class=\"elementor-widget-container\">\n\t\t\t\t\t\t\t\t\t<p><span data-contrast=\"auto\">Esta beca acoge a todos los miembros actuales o pasados del Boys &amp; Girls Club de Manchester, que hayan mantenido una buena posici\u00f3n durante un periodo de al menos un a\u00f1o. Debes estar en el \u00faltimo a\u00f1o de secundaria, en el primer a\u00f1o de universidad, en el segundo a\u00f1o de universidad o en el tercer a\u00f1o de universidad para poder solicitarlo.<\/span><\/p>\n\t\t\t\t\t\t\t\t<\/div>\n\t\t\t\t<\/div>\n\t\t\t\t<div class=\"elementor-element elementor-element-79bba2a elementor-align-justify elementor-widget__width-initial elementor-widget elementor-widget-button\" data-id=\"79bba2a\" data-element_type=\"widget\" data-e-type=\"widget\" data-widget_type=\"button.default\">\n\t\t\t\t<div class=\"elementor-widget-container\">\n\t\t\t\t\t\t\t\t\t<div class=\"elementor-button-wrapper\">\n\t\t\t\t\t<a class=\"elementor-button elementor-button-link elementor-size-sm\" href=\"https:\/\/bgcgm.org\/wp-content\/uploads\/2024\/04\/BGCM-Alumni-Scholarship-2024-Final.pdf\" target=\"_blank\">\n\t\t\t\t\t\t<span class=\"elementor-button-content-wrapper\">\n\t\t\t\t\t\t\t\t\t<span class=\"elementor-button-text\">SOLICITUD AQU\u00cd<\/span>\n\t\t\t\t\t<\/span>\n\t\t\t\t\t<\/a>\n\t\t\t\t<\/div>\n\t\t\t\t\t\t\t\t<\/div>\n\t\t\t\t<\/div>\n\t\t\t\t\t<\/div>\n\t\t<\/div>\n\t\t\t\t\t<\/div>\n\t\t<\/section>\n\t\t\t\t<section class=\"elementor-section elementor-top-section elementor-element elementor-element-d023e27 elementor-section-boxed elementor-section-height-default elementor-section-height-default\" data-id=\"d023e27\" data-element_type=\"section\" data-e-type=\"section\">\n\t\t\t\t\t\t<div class=\"elementor-container elementor-column-gap-default\">\n\t\t\t\t\t<div class=\"elementor-column elementor-col-100 elementor-top-column elementor-element elementor-element-0b8b2bf\" data-id=\"0b8b2bf\" data-element_type=\"column\" data-e-type=\"column\">\n\t\t\t<div class=\"elementor-widget-wrap elementor-element-populated\">\n\t\t\t\t\t\t<div class=\"elementor-element elementor-element-99f6612 elementor-widget elementor-widget-heading\" data-id=\"99f6612\" data-element_type=\"widget\" data-e-type=\"widget\" data-widget_type=\"heading.default\">\n\t\t\t\t<div class=\"elementor-widget-container\">\n\t\t\t\t\t<h2 class=\"elementor-heading-title elementor-size-default\">Edmund A. Bednarowski, Jr.\nBeca de Liderazgo<\/h2>\t\t\t\t<\/div>\n\t\t\t\t<\/div>\n\t\t\t\t<div class=\"elementor-element elementor-element-3672dd4 elementor-widget elementor-widget-text-editor\" data-id=\"3672dd4\" data-element_type=\"widget\" data-e-type=\"widget\" data-widget_type=\"text-editor.default\">\n\t\t\t\t<div class=\"elementor-widget-container\">\n\t\t\t\t\t\t\t\t\t<p>Esta beca est\u00e1 dise\u00f1ada para reconocer a los estudiantes de la comunidad que comparten el compromiso de Ed Bednarowski, antiguo Presidente de la Junta Directiva, con el servicio y el liderazgo. Debes estar en el \u00faltimo curso de secundaria para solicitarlo.<\/p>\n\t\t\t\t\t\t\t\t<\/div>\n\t\t\t\t<\/div>\n\t\t\t\t<div class=\"elementor-element elementor-element-96e5a27 elementor-align-justify elementor-widget__width-initial elementor-widget elementor-widget-button\" data-id=\"96e5a27\" data-element_type=\"widget\" data-e-type=\"widget\" data-widget_type=\"button.default\">\n\t\t\t\t<div class=\"elementor-widget-container\">\n\t\t\t\t\t\t\t\t\t<div class=\"elementor-button-wrapper\">\n\t\t\t\t\t<a class=\"elementor-button elementor-button-link elementor-size-sm\" href=\"https:\/\/bgcgm.org\/wp-content\/uploads\/2024\/04\/Edmund-A.-Bednarowski-Jr.-Scholarship-Application-2024.pdf\" target=\"_blank\">\n\t\t\t\t\t\t<span class=\"elementor-button-content-wrapper\">\n\t\t\t\t\t\t\t\t\t<span class=\"elementor-button-text\">SOLICITUD AQU\u00cd<\/span>\n\t\t\t\t\t<\/span>\n\t\t\t\t\t<\/a>\n\t\t\t\t<\/div>\n\t\t\t\t\t\t\t\t<\/div>\n\t\t\t\t<\/div>\n\t\t\t\t\t<\/div>\n\t\t<\/div>\n\t\t\t\t\t<\/div>\n\t\t<\/section>\n\t\t\t\t<section class=\"elementor-section elementor-top-section elementor-element elementor-element-7b5384c elementor-section-boxed elementor-section-height-default elementor-section-height-default\" data-id=\"7b5384c\" data-element_type=\"section\" data-e-type=\"section\">\n\t\t\t\t\t\t<div class=\"elementor-container elementor-column-gap-default\">\n\t\t\t\t\t<div class=\"elementor-column elementor-col-100 elementor-top-column elementor-element elementor-element-8278702\" data-id=\"8278702\" data-element_type=\"column\" data-e-type=\"column\">\n\t\t\t<div class=\"elementor-widget-wrap elementor-element-populated\">\n\t\t\t\t\t\t<div class=\"elementor-element elementor-element-2c88a02 elementor-widget elementor-widget-heading\" data-id=\"2c88a02\" data-element_type=\"widget\" data-e-type=\"widget\" data-widget_type=\"heading.default\">\n\t\t\t\t<div class=\"elementor-widget-container\">\n\t\t\t\t\t<h2 class=\"elementor-heading-title elementor-size-default\">Jack y Janet Gilbert\nBeca conmemorativa  <\/h2>\t\t\t\t<\/div>\n\t\t\t\t<\/div>\n\t\t\t\t<div class=\"elementor-element elementor-element-7e2409a elementor-widget elementor-widget-text-editor\" data-id=\"7e2409a\" data-element_type=\"widget\" data-e-type=\"widget\" data-widget_type=\"text-editor.default\">\n\t\t\t\t<div class=\"elementor-widget-container\">\n\t\t\t\t\t\t\t\t\t<p><span class=\"TextRun SCXW197506862 BCX0\" lang=\"EN-US\" xml:lang=\"EN-US\" data-contrast=\"auto\"><span class=\"NormalTextRun SCXW197506862 BCX0\">Esta beca acoge a cualquier miembro actual o pasado del Boys &amp; Girls Club de Manchester, que <\/span><span class=\"NormalTextRun ContextualSpellingAndGrammarErrorV2Themed SCXW197506862 BCX0\">hayan<\/span><span class=\"NormalTextRun SCXW197506862 BCX0\"> mantenido una buena reputaci\u00f3n durante un periodo de al menos un a\u00f1o<\/span><span class=\"NormalTextRun SCXW197506862 BCX0\">. <\/span><span class=\"NormalTextRun SCXW197506862 BCX0\">Para solicitarla, debes estar en el \u00faltimo a\u00f1o de la escuela secundaria, en el primer a\u00f1o de la universidad, en el segundo a\u00f1o de la universidad o en el tercer a\u00f1o de la universidad.<\/span><\/span><span class=\"EOP SCXW197506862 BCX0\" data-ccp-props=\"{}\"> <\/span><\/p>\n\t\t\t\t\t\t\t\t<\/div>\n\t\t\t\t<\/div>\n\t\t\t\t<div class=\"elementor-element elementor-element-ab630ff elementor-align-justify elementor-widget__width-initial elementor-widget elementor-widget-button\" data-id=\"ab630ff\" data-element_type=\"widget\" data-e-type=\"widget\" data-widget_type=\"button.default\">\n\t\t\t\t<div class=\"elementor-widget-container\">\n\t\t\t\t\t\t\t\t\t<div class=\"elementor-button-wrapper\">\n\t\t\t\t\t<a class=\"elementor-button elementor-button-link elementor-size-sm\" href=\"https:\/\/bgcgm.org\/wp-content\/uploads\/2024\/04\/Jack-Janet-Gilbert-Scholarship-Application-2024.pdf\" target=\"_blank\">\n\t\t\t\t\t\t<span class=\"elementor-button-content-wrapper\">\n\t\t\t\t\t\t\t\t\t<span class=\"elementor-button-text\">SOLICITUD AQU\u00cd<\/span>\n\t\t\t\t\t<\/span>\n\t\t\t\t\t<\/a>\n\t\t\t\t<\/div>\n\t\t\t\t\t\t\t\t<\/div>\n\t\t\t\t<\/div>\n\t\t\t\t\t<\/div>\n\t\t<\/div>\n\t\t\t\t\t<\/div>\n\t\t<\/section>\n\t\t\t\t<section class=\"elementor-section elementor-top-section elementor-element elementor-element-3db0649 elementor-section-boxed elementor-section-height-default elementor-section-height-default\" data-id=\"3db0649\" data-element_type=\"section\" data-e-type=\"section\">\n\t\t\t\t\t\t<div class=\"elementor-container elementor-column-gap-default\">\n\t\t\t\t\t<div class=\"elementor-column elementor-col-100 elementor-top-column elementor-element elementor-element-d3aa8d2\" data-id=\"d3aa8d2\" data-element_type=\"column\" data-e-type=\"column\">\n\t\t\t<div class=\"elementor-widget-wrap elementor-element-populated\">\n\t\t\t\t\t\t<div class=\"elementor-element elementor-element-98c38f5 elementor-widget elementor-widget-heading\" data-id=\"98c38f5\" data-element_type=\"widget\" data-e-type=\"widget\" data-widget_type=\"heading.default\">\n\t\t\t\t<div class=\"elementor-widget-container\">\n\t\t\t\t\t<h2 class=\"elementor-heading-title elementor-size-default\">Beca Educativa Familia Truncellito  <\/h2>\t\t\t\t<\/div>\n\t\t\t\t<\/div>\n\t\t\t\t<div class=\"elementor-element elementor-element-306c4ef elementor-widget elementor-widget-text-editor\" data-id=\"306c4ef\" data-element_type=\"widget\" data-e-type=\"widget\" data-widget_type=\"text-editor.default\">\n\t\t\t\t<div class=\"elementor-widget-container\">\n\t\t\t\t\t\t\t\t\t<p><span lang=\"EN-US\" xml:lang=\"EN-US\" data-contrast=\"auto\">Esta beca est\u00e1 abierta a todos los miembros actuales o pasados del Boys &amp; Girls Club de Manchester que hayan mantenido una buena reputaci\u00f3n durante al menos un a\u00f1o y planeen cursar estudios postsecundarios. Debes estar en el \u00faltimo a\u00f1o de secundaria, en el primer a\u00f1o de universidad, en el segundo a\u00f1o de universidad o en el tercer a\u00f1o de universidad para poder solicitarlo.<\/span><span data-ccp-props=\"{}\">  Esta beca se conceder\u00e1 anualmente a un hombre y a una mujer.<\/span><\/p>\n\t\t\t\t\t\t\t\t<\/div>\n\t\t\t\t<\/div>\n\t\t\t\t<div class=\"elementor-element elementor-element-78dd35a elementor-align-justify elementor-widget__width-initial elementor-widget elementor-widget-button\" data-id=\"78dd35a\" data-element_type=\"widget\" data-e-type=\"widget\" data-widget_type=\"button.default\">\n\t\t\t\t<div class=\"elementor-widget-container\">\n\t\t\t\t\t\t\t\t\t<div class=\"elementor-button-wrapper\">\n\t\t\t\t\t<a class=\"elementor-button elementor-button-link elementor-size-sm\" href=\"https:\/\/bgcgm.org\/wp-content\/uploads\/2024\/05\/Truncellito-Family-Educational-Scholarship-Application-2024.pdf\" target=\"_blank\">\n\t\t\t\t\t\t<span class=\"elementor-button-content-wrapper\">\n\t\t\t\t\t\t\t\t\t<span class=\"elementor-button-text\">SOLICITUD AQU\u00cd<\/span>\n\t\t\t\t\t<\/span>\n\t\t\t\t\t<\/a>\n\t\t\t\t<\/div>\n\t\t\t\t\t\t\t\t<\/div>\n\t\t\t\t<\/div>\n\t\t\t\t\t<\/div>\n\t\t<\/div>\n\t\t\t\t\t<\/div>\n\t\t<\/section>\n\t\t\t\t<section class=\"elementor-section elementor-top-section elementor-element elementor-element-3f09849 elementor-section-boxed elementor-section-height-default elementor-section-height-default\" data-id=\"3f09849\" data-element_type=\"section\" data-e-type=\"section\">\n\t\t\t\t\t\t<div class=\"elementor-container elementor-column-gap-default\">\n\t\t\t\t\t<div class=\"elementor-column elementor-col-100 elementor-top-column elementor-element elementor-element-3441019\" data-id=\"3441019\" data-element_type=\"column\" data-e-type=\"column\">\n\t\t\t<div class=\"elementor-widget-wrap elementor-element-populated\">\n\t\t\t\t\t\t<div class=\"elementor-element elementor-element-edfb75b elementor-widget elementor-widget-text-editor\" data-id=\"edfb75b\" data-element_type=\"widget\" data-e-type=\"widget\" data-widget_type=\"text-editor.default\">\n\t\t\t\t<div class=\"elementor-widget-container\">\n\t\t\t\t\t\t\t\t\t<p><span style=\"letter-spacing: 0px;\">Devuelve las solicitudes cumplimentadas a<\/span><br><\/p>\n<p>Comit\u00e9 de Becas  <br>Club de Ni\u00f1os y Ni\u00f1as de Manchester  <br>555 Union Street Manchester, NH 03104<\/p>\n<p>O env\u00eda tu solicitud cumplimentada por correo electr\u00f3nico a Rudi a <a href=\"mailto:rkoornneef@mbgcnh.org\">rkoornneef@mbgcnh.org<\/a><\/p>\t\t\t\t\t\t\t\t<\/div>\n\t\t\t\t<\/div>\n\t\t\t\t\t<\/div>\n\t\t<\/div>\n\t\t\t\t\t<\/div>\n\t\t<\/section>\n\t\t\t\t<\/div>\n\t\t","protected":false},"excerpt":{"rendered":"<p>Becas para antiguos alumnos Becas El Boys &amp; Girls Club de Manchester ofrece oportunidades de becas a los miembros actuales y anteriores que hayan formado parte del Club durante al menos un a\u00f1o. Las oportunidades de becas est\u00e1n disponibles para estudiantes de \u00faltimo curso de bachillerato hasta el tercer a\u00f1o de universidad. El plazo para [&hellip;]<\/p>\n","protected":false},"author":1,"featured_media":0,"parent":12160,"menu_order":0,"comment_status":"closed","ping_status":"closed","template":"elementor_header_footer","meta":{"footnotes":""},"class_list":["post-12190","page","type-page","status-publish","hentry"],"yoast_head":"<!-- This site is optimized with the Yoast SEO plugin v27.2 - https:\/\/yoast.com\/product\/yoast-seo-wordpress\/ -->\n<title>Becas | Boys &amp; Girls Club of Manchester<\/title>\n<meta name=\"description\" content=\"El Boys &amp; Girls Club de Manchester ofrece becas a miembros actuales y anteriores que hayan formado parte del Club.\" \/>\n<meta name=\"robots\" content=\"index, follow, max-snippet:-1, max-image-preview:large, max-video-preview:-1\" \/>\n<link rel=\"canonical\" href=\"https:\/\/www.bgcgm.org\/es\/sobre-nosotros\/becas\/\" \/>\n<meta property=\"og:locale\" content=\"es_ES\" \/>\n<meta property=\"og:type\" content=\"article\" \/>\n<meta property=\"og:title\" content=\"Becas | Boys &amp; Girls Club of Manchester\" \/>\n<meta property=\"og:description\" content=\"El Boys &amp; Girls Club de Manchester ofrece becas a miembros actuales y anteriores que hayan formado parte del Club.\" \/>\n<meta property=\"og:url\" content=\"https:\/\/www.bgcgm.org\/es\/sobre-nosotros\/becas\/\" \/>\n<meta property=\"og:site_name\" content=\"Boys &amp; Girls Clubs of Greater Manchester\" \/>\n<meta property=\"article:modified_time\" content=\"2024-07-02T12:56:28+00:00\" \/>\n<meta name=\"twitter:card\" content=\"summary_large_image\" \/>\n<meta name=\"twitter:label1\" content=\"Tiempo de lectura\" \/>\n\t<meta name=\"twitter:data1\" content=\"2 minutos\" \/>\n<script type=\"application\/ld+json\" class=\"yoast-schema-graph\">{\"@context\":\"https:\/\/schema.org\",\"@graph\":[{\"@type\":\"WebPage\",\"@id\":\"https:\/\/www.bgcgm.org\/es\/sobre-nosotros\/becas\/\",\"url\":\"https:\/\/www.bgcgm.org\/es\/sobre-nosotros\/becas\/\",\"name\":\"Becas | Boys & Girls Club of Manchester\",\"isPartOf\":{\"@id\":\"https:\/\/bgcgm.org\/#website\"},\"datePublished\":\"2022-06-24T20:38:45+00:00\",\"dateModified\":\"2024-07-02T12:56:28+00:00\",\"description\":\"El Boys & Girls Club de Manchester ofrece becas a miembros actuales y anteriores que hayan formado parte del Club.\",\"breadcrumb\":{\"@id\":\"https:\/\/www.bgcgm.org\/es\/sobre-nosotros\/becas\/#breadcrumb\"},\"inLanguage\":\"es\",\"potentialAction\":[{\"@type\":\"ReadAction\",\"target\":[\"https:\/\/www.bgcgm.org\/es\/sobre-nosotros\/becas\/\"]}]},{\"@type\":\"BreadcrumbList\",\"@id\":\"https:\/\/www.bgcgm.org\/es\/sobre-nosotros\/becas\/#breadcrumb\",\"itemListElement\":[{\"@type\":\"ListItem\",\"position\":1,\"name\":\"Home\",\"item\":\"https:\/\/bgcgm.org\/es\/inicio\/\"},{\"@type\":\"ListItem\",\"position\":2,\"name\":\"Sobre nosotros\",\"item\":\"https:\/\/bgcgm.org\/es\/sobre-nosotros\/\"},{\"@type\":\"ListItem\",\"position\":3,\"name\":\"Becas\"}]},{\"@type\":\"WebSite\",\"@id\":\"https:\/\/bgcgm.org\/#website\",\"url\":\"https:\/\/bgcgm.org\/\",\"name\":\"Boys &amp; Girls Clubs of Greater Manchester\",\"description\":\"Boys &amp; Girls Clubs of Greater Manchester\",\"publisher\":{\"@id\":\"https:\/\/bgcgm.org\/#organization\"},\"potentialAction\":[{\"@type\":\"SearchAction\",\"target\":{\"@type\":\"EntryPoint\",\"urlTemplate\":\"https:\/\/bgcgm.org\/?s={search_term_string}\"},\"query-input\":{\"@type\":\"PropertyValueSpecification\",\"valueRequired\":true,\"valueName\":\"search_term_string\"}}],\"inLanguage\":\"es\"},{\"@type\":\"Organization\",\"@id\":\"https:\/\/bgcgm.org\/#organization\",\"name\":\"Boys &amp; Girls Clubs of Greater Manchester\",\"url\":\"https:\/\/bgcgm.org\/\",\"logo\":{\"@type\":\"ImageObject\",\"inLanguage\":\"es\",\"@id\":\"https:\/\/bgcgm.org\/#\/schema\/logo\/image\/\",\"url\":\"https:\/\/www.bgcgm.org\/wp-content\/uploads\/2022\/04\/BGCGM-CLUBS-Logo-Color-Centered.png\",\"contentUrl\":\"https:\/\/www.bgcgm.org\/wp-content\/uploads\/2022\/04\/BGCGM-CLUBS-Logo-Color-Centered.png\",\"width\":19227,\"height\":10302,\"caption\":\"Boys &amp; Girls Clubs of Greater Manchester\"},\"image\":{\"@id\":\"https:\/\/bgcgm.org\/#\/schema\/logo\/image\/\"}}]}<\/script>\n<!-- \/ Yoast SEO plugin. -->","yoast_head_json":{"title":"Becas | Boys & Girls Club of Manchester","description":"El Boys & Girls Club de Manchester ofrece becas a miembros actuales y anteriores que hayan formado parte del Club.","robots":{"index":"index","follow":"follow","max-snippet":"max-snippet:-1","max-image-preview":"max-image-preview:large","max-video-preview":"max-video-preview:-1"},"canonical":"https:\/\/www.bgcgm.org\/es\/sobre-nosotros\/becas\/","og_locale":"es_ES","og_type":"article","og_title":"Becas | Boys & Girls Club of Manchester","og_description":"El Boys & Girls Club de Manchester ofrece becas a miembros actuales y anteriores que hayan formado parte del Club.","og_url":"https:\/\/www.bgcgm.org\/es\/sobre-nosotros\/becas\/","og_site_name":"Boys &amp; Girls Clubs of Greater Manchester","article_modified_time":"2024-07-02T12:56:28+00:00","twitter_card":"summary_large_image","twitter_misc":{"Tiempo de lectura":"2 minutos"},"schema":{"@context":"https:\/\/schema.org","@graph":[{"@type":"WebPage","@id":"https:\/\/www.bgcgm.org\/es\/sobre-nosotros\/becas\/","url":"https:\/\/www.bgcgm.org\/es\/sobre-nosotros\/becas\/","name":"Becas | Boys & Girls Club of Manchester","isPartOf":{"@id":"https:\/\/bgcgm.org\/#website"},"datePublished":"2022-06-24T20:38:45+00:00","dateModified":"2024-07-02T12:56:28+00:00","description":"El Boys & Girls Club de Manchester ofrece becas a miembros actuales y anteriores que hayan formado parte del Club.","breadcrumb":{"@id":"https:\/\/www.bgcgm.org\/es\/sobre-nosotros\/becas\/#breadcrumb"},"inLanguage":"es","potentialAction":[{"@type":"ReadAction","target":["https:\/\/www.bgcgm.org\/es\/sobre-nosotros\/becas\/"]}]},{"@type":"BreadcrumbList","@id":"https:\/\/www.bgcgm.org\/es\/sobre-nosotros\/becas\/#breadcrumb","itemListElement":[{"@type":"ListItem","position":1,"name":"Home","item":"https:\/\/bgcgm.org\/es\/inicio\/"},{"@type":"ListItem","position":2,"name":"Sobre nosotros","item":"https:\/\/bgcgm.org\/es\/sobre-nosotros\/"},{"@type":"ListItem","position":3,"name":"Becas"}]},{"@type":"WebSite","@id":"https:\/\/bgcgm.org\/#website","url":"https:\/\/bgcgm.org\/","name":"Boys &amp; Girls Clubs of Greater Manchester","description":"Boys &amp; Girls Clubs of Greater Manchester","publisher":{"@id":"https:\/\/bgcgm.org\/#organization"},"potentialAction":[{"@type":"SearchAction","target":{"@type":"EntryPoint","urlTemplate":"https:\/\/bgcgm.org\/?s={search_term_string}"},"query-input":{"@type":"PropertyValueSpecification","valueRequired":true,"valueName":"search_term_string"}}],"inLanguage":"es"},{"@type":"Organization","@id":"https:\/\/bgcgm.org\/#organization","name":"Boys &amp; Girls Clubs of Greater Manchester","url":"https:\/\/bgcgm.org\/","logo":{"@type":"ImageObject","inLanguage":"es","@id":"https:\/\/bgcgm.org\/#\/schema\/logo\/image\/","url":"https:\/\/www.bgcgm.org\/wp-content\/uploads\/2022\/04\/BGCGM-CLUBS-Logo-Color-Centered.png","contentUrl":"https:\/\/www.bgcgm.org\/wp-content\/uploads\/2022\/04\/BGCGM-CLUBS-Logo-Color-Centered.png","width":19227,"height":10302,"caption":"Boys &amp; Girls Clubs of Greater Manchester"},"image":{"@id":"https:\/\/bgcgm.org\/#\/schema\/logo\/image\/"}}]}},"_links":{"self":[{"href":"https:\/\/www.bgcgm.org\/es\/wp-json\/wp\/v2\/pages\/12190","targetHints":{"allow":["GET"]}}],"collection":[{"href":"https:\/\/www.bgcgm.org\/es\/wp-json\/wp\/v2\/pages"}],"about":[{"href":"https:\/\/www.bgcgm.org\/es\/wp-json\/wp\/v2\/types\/page"}],"author":[{"embeddable":true,"href":"https:\/\/www.bgcgm.org\/es\/wp-json\/wp\/v2\/users\/1"}],"replies":[{"embeddable":true,"href":"https:\/\/www.bgcgm.org\/es\/wp-json\/wp\/v2\/comments?post=12190"}],"version-history":[{"count":2,"href":"https:\/\/www.bgcgm.org\/es\/wp-json\/wp\/v2\/pages\/12190\/revisions"}],"predecessor-version":[{"id":12192,"href":"https:\/\/www.bgcgm.org\/es\/wp-json\/wp\/v2\/pages\/12190\/revisions\/12192"}],"up":[{"embeddable":true,"href":"https:\/\/www.bgcgm.org\/es\/wp-json\/wp\/v2\/pages\/12160"}],"wp:attachment":[{"href":"https:\/\/www.bgcgm.org\/es\/wp-json\/wp\/v2\/media?parent=12190"}],"curies":[{"name":"wp","href":"https:\/\/api.w.org\/{rel}","templated":true}]}}