{"id":12318,"date":"2024-05-09T14:19:57","date_gmt":"2024-05-09T18:19:57","guid":{"rendered":"https:\/\/mbgcnh.org\/news-events\/jornada-de-puertas-abiertas-para-donantes-en-el-campamento-foster\/"},"modified":"2024-07-02T08:59:39","modified_gmt":"2024-07-02T12:59:39","slug":"jornada-de-puertas-abiertas-para-donantes-en-el-campamento-foster","status":"publish","type":"page","link":"https:\/\/www.bgcgm.org\/es\/news-events\/jornada-de-puertas-abiertas-para-donantes-en-el-campamento-foster\/","title":{"rendered":"Jornada de puertas abiertas para donantes en el Campamento Foster"},"content":{"rendered":"\t\t<div data-elementor-type=\"wp-page\" data-elementor-id=\"12318\" class=\"elementor elementor-12318\" data-elementor-post-type=\"page\">\n\t\t\t\t\t\t<section class=\"elementor-section elementor-top-section elementor-element elementor-element-43bc1fa0 elementor-section-height-min-height elementor-section-boxed elementor-section-height-default elementor-section-items-middle\" data-id=\"43bc1fa0\" data-element_type=\"section\" data-e-type=\"section\" data-settings=\"{&quot;background_background&quot;:&quot;classic&quot;,&quot;shape_divider_bottom&quot;:&quot;mountains&quot;}\">\n\t\t\t\t\t\t\t<div class=\"elementor-background-overlay\"><\/div>\n\t\t\t\t\t\t<div class=\"elementor-shape elementor-shape-bottom\" aria-hidden=\"true\" data-negative=\"false\">\n\t\t\t<svg xmlns=\"http:\/\/www.w3.org\/2000\/svg\" viewBox=\"0 0 1000 100\" preserveAspectRatio=\"none\">\n\t<path class=\"elementor-shape-fill\" opacity=\"0.33\" d=\"M473,67.3c-203.9,88.3-263.1-34-320.3,0C66,119.1,0,59.7,0,59.7V0h1000v59.7 c0,0-62.1,26.1-94.9,29.3c-32.8,3.3-62.8-12.3-75.8-22.1C806,49.6,745.3,8.7,694.9,4.7S492.4,59,473,67.3z\"\/>\n\t<path class=\"elementor-shape-fill\" opacity=\"0.66\" d=\"M734,67.3c-45.5,0-77.2-23.2-129.1-39.1c-28.6-8.7-150.3-10.1-254,39.1 s-91.7-34.4-149.2,0C115.7,118.3,0,39.8,0,39.8V0h1000v36.5c0,0-28.2-18.5-92.1-18.5C810.2,18.1,775.7,67.3,734,67.3z\"\/>\n\t<path class=\"elementor-shape-fill\" d=\"M766.1,28.9c-200-57.5-266,65.5-395.1,19.5C242,1.8,242,5.4,184.8,20.6C128,35.8,132.3,44.9,89.9,52.5C28.6,63.7,0,0,0,0 h1000c0,0-9.9,40.9-83.6,48.1S829.6,47,766.1,28.9z\"\/>\n<\/svg>\t\t<\/div>\n\t\t\t\t\t<div class=\"elementor-container elementor-column-gap-no\">\n\t\t\t\t\t<div class=\"elementor-column elementor-col-100 elementor-top-column elementor-element elementor-element-7facc81e\" data-id=\"7facc81e\" data-element_type=\"column\" data-e-type=\"column\">\n\t\t\t<div class=\"elementor-widget-wrap elementor-element-populated\">\n\t\t\t\t\t\t<div class=\"elementor-element elementor-element-32c06d24 elementor-widget elementor-widget-heading\" data-id=\"32c06d24\" data-element_type=\"widget\" data-e-type=\"widget\" data-widget_type=\"heading.default\">\n\t\t\t\t<div class=\"elementor-widget-container\">\n\t\t\t\t\t<h1 class=\"elementor-heading-title elementor-size-default\">Jornada de puertas abiertas en agradecimiento a los donantes\nen el Campamento Foster<\/h1>\t\t\t\t<\/div>\n\t\t\t\t<\/div>\n\t\t\t\t\t<\/div>\n\t\t<\/div>\n\t\t\t\t\t<\/div>\n\t\t<\/section>\n\t\t\t\t<section class=\"elementor-section elementor-inner-section elementor-element elementor-element-735281b5 elementor-reverse-tablet elementor-reverse-mobile elementor-section-boxed elementor-section-height-default elementor-section-height-default\" data-id=\"735281b5\" data-element_type=\"section\" data-e-type=\"section\" data-settings=\"{&quot;shape_divider_top&quot;:&quot;mountains&quot;}\">\n\t\t\t\t\t<div class=\"elementor-shape elementor-shape-top\" aria-hidden=\"true\" data-negative=\"false\">\n\t\t\t<svg xmlns=\"http:\/\/www.w3.org\/2000\/svg\" viewBox=\"0 0 1000 100\" preserveAspectRatio=\"none\">\n\t<path class=\"elementor-shape-fill\" opacity=\"0.33\" d=\"M473,67.3c-203.9,88.3-263.1-34-320.3,0C66,119.1,0,59.7,0,59.7V0h1000v59.7 c0,0-62.1,26.1-94.9,29.3c-32.8,3.3-62.8-12.3-75.8-22.1C806,49.6,745.3,8.7,694.9,4.7S492.4,59,473,67.3z\"\/>\n\t<path class=\"elementor-shape-fill\" opacity=\"0.66\" d=\"M734,67.3c-45.5,0-77.2-23.2-129.1-39.1c-28.6-8.7-150.3-10.1-254,39.1 s-91.7-34.4-149.2,0C115.7,118.3,0,39.8,0,39.8V0h1000v36.5c0,0-28.2-18.5-92.1-18.5C810.2,18.1,775.7,67.3,734,67.3z\"\/>\n\t<path class=\"elementor-shape-fill\" d=\"M766.1,28.9c-200-57.5-266,65.5-395.1,19.5C242,1.8,242,5.4,184.8,20.6C128,35.8,132.3,44.9,89.9,52.5C28.6,63.7,0,0,0,0 h1000c0,0-9.9,40.9-83.6,48.1S829.6,47,766.1,28.9z\"\/>\n<\/svg>\t\t<\/div>\n\t\t\t\t\t<div class=\"elementor-container elementor-column-gap-no\">\n\t\t\t\t\t<div class=\"elementor-column elementor-col-100 elementor-inner-column elementor-element elementor-element-6fe35909\" data-id=\"6fe35909\" data-element_type=\"column\" data-e-type=\"column\">\n\t\t\t<div class=\"elementor-widget-wrap elementor-element-populated\">\n\t\t\t\t\t\t<div class=\"elementor-element elementor-element-5e2a24e elementor-widget elementor-widget-text-editor\" data-id=\"5e2a24e\" data-element_type=\"widget\" data-e-type=\"widget\" data-widget_type=\"text-editor.default\">\n\t\t\t\t<div class=\"elementor-widget-container\">\n\t\t\t\t\t\t\t\t\t<h4 style=\"text-align: center;\">Estamos entusiasmados con el pr\u00f3ximo Programa de Verano en el Campamento Foster. Te invitamos a que te unas a nosotros en una jornada de puertas abiertas para ver los nuevos pabellones y ampliaciones del Campamento Foster el<\/h4>\n\t\t\t\t\t\t\t\t<\/div>\n\t\t\t\t<\/div>\n\t\t\t\t<div class=\"elementor-element elementor-element-61a4ad50 elementor-widget elementor-widget-text-editor\" data-id=\"61a4ad50\" data-element_type=\"widget\" data-e-type=\"widget\" data-widget_type=\"text-editor.default\">\n\t\t\t\t<div class=\"elementor-widget-container\">\n\t\t\t\t\t\t\t\t\t<h2 style=\"text-align: center;\"><b>Mi\u00e9rcoles, 12 de junio | 16:30 &#8211; 17:30<\/b><\/h2>\n<h5 style=\"text-align: center;\">36 Camp Allen Road, Bedford, NH<\/h5>\n\t\t\t\t\t\t\t\t<\/div>\n\t\t\t\t<\/div>\n\t\t\t\t<div class=\"elementor-element elementor-element-b7ccf79 elementor-widget elementor-widget-text-editor\" data-id=\"b7ccf79\" data-element_type=\"widget\" data-e-type=\"widget\" data-widget_type=\"text-editor.default\">\n\t\t\t\t<div class=\"elementor-widget-container\">\n\t\t\t\t\t\t\t\t\t<h4 style=\"text-align: center;\">Tendremos aperitivos ligeros y visitas guiadas disponibles.<\/h4>\n\t\t\t\t\t\t\t\t<\/div>\n\t\t\t\t<\/div>\n\t\t\t\t<div class=\"elementor-element elementor-element-d11d916 elementor-align-center elementor-widget elementor-widget-button\" data-id=\"d11d916\" data-element_type=\"widget\" data-e-type=\"widget\" data-widget_type=\"button.default\">\n\t\t\t\t<div class=\"elementor-widget-container\">\n\t\t\t\t\t\t\t\t\t<div class=\"elementor-button-wrapper\">\n\t\t\t\t\t<a class=\"elementor-button elementor-button-link elementor-size-md\" href=\"https:\/\/host.nxt.blackbaud.com\/registration-form\/?formId=a3513149-761f-4419-8836-66b99fc1a9e2=p-YQMqEiDfmk6OmOtEHowRqw=usa\" target=\"_blank\">\n\t\t\t\t\t\t<span class=\"elementor-button-content-wrapper\">\n\t\t\t\t\t\t\t\t\t<span class=\"elementor-button-text\">RSVP<\/span>\n\t\t\t\t\t<\/span>\n\t\t\t\t\t<\/a>\n\t\t\t\t<\/div>\n\t\t\t\t\t\t\t\t<\/div>\n\t\t\t\t<\/div>\n\t\t\t\t\t<\/div>\n\t\t<\/div>\n\t\t\t\t\t<\/div>\n\t\t<\/section>\n\t\t\t\t<section class=\"elementor-section elementor-top-section elementor-element elementor-element-5e19440 elementor-section-boxed elementor-section-height-default elementor-section-height-default\" data-id=\"5e19440\" data-element_type=\"section\" data-e-type=\"section\">\n\t\t\t\t\t\t<div class=\"elementor-container elementor-column-gap-default\">\n\t\t\t\t\t<div class=\"elementor-column elementor-col-100 elementor-top-column elementor-element elementor-element-ff2147b\" data-id=\"ff2147b\" data-element_type=\"column\" data-e-type=\"column\">\n\t\t\t<div class=\"elementor-widget-wrap\">\n\t\t\t\t\t\t\t<\/div>\n\t\t<\/div>\n\t\t\t\t\t<\/div>\n\t\t<\/section>\n\t\t\t\t<\/div>\n\t\t","protected":false},"excerpt":{"rendered":"<p>Jornada de puertas abiertas en agradecimiento a los donantes en el Campamento Foster Estamos entusiasmados con el pr\u00f3ximo Programa de Verano en el Campamento Foster. Te invitamos a que te unas a nosotros en una jornada de puertas abiertas para ver los nuevos pabellones y ampliaciones del Campamento Foster el Mi\u00e9rcoles, 12 de junio | [&hellip;]<\/p>\n","protected":false},"author":7,"featured_media":0,"parent":12315,"menu_order":0,"comment_status":"closed","ping_status":"closed","template":"elementor_header_footer","meta":{"footnotes":""},"class_list":["post-12318","page","type-page","status-publish","hentry"],"yoast_head":"<!-- This site is optimized with the Yoast SEO plugin v27.2 - https:\/\/yoast.com\/product\/yoast-seo-wordpress\/ -->\n<title>Jornada de puertas abiertas para donantes en Camp Foster | Boys &amp; Girls Club of Manchester<\/title>\n<meta name=\"description\" content=\"Abrimos las puertas del Campamento Foster a todos los donantes. Acomp\u00e1\u00f1anos en una visita guiada por el Campamento y observa un d\u00eda en la vida de uno de nuestros campistas.\" \/>\n<meta name=\"robots\" content=\"index, follow, max-snippet:-1, max-image-preview:large, max-video-preview:-1\" \/>\n<link rel=\"canonical\" href=\"https:\/\/www.bgcgm.org\/es\/news-events\/jornada-de-puertas-abiertas-para-donantes-en-el-campamento-foster\/\" \/>\n<meta property=\"og:locale\" content=\"es_ES\" \/>\n<meta property=\"og:type\" content=\"article\" \/>\n<meta property=\"og:title\" content=\"Jornada de puertas abiertas para donantes en Camp Foster | Boys &amp; Girls Club of Manchester\" \/>\n<meta property=\"og:description\" content=\"Abrimos las puertas del Campamento Foster a todos los donantes. Acomp\u00e1\u00f1anos en una visita guiada por el Campamento y observa un d\u00eda en la vida de uno de nuestros campistas.\" \/>\n<meta property=\"og:url\" content=\"https:\/\/www.bgcgm.org\/es\/news-events\/jornada-de-puertas-abiertas-para-donantes-en-el-campamento-foster\/\" \/>\n<meta property=\"og:site_name\" content=\"Boys &amp; Girls Clubs of Greater Manchester\" \/>\n<meta property=\"article:modified_time\" content=\"2024-07-02T12:59:39+00:00\" \/>\n<meta name=\"twitter:card\" content=\"summary_large_image\" \/>\n<script type=\"application\/ld+json\" class=\"yoast-schema-graph\">{\"@context\":\"https:\/\/schema.org\",\"@graph\":[{\"@type\":\"WebPage\",\"@id\":\"https:\/\/www.bgcgm.org\/es\/news-events\/jornada-de-puertas-abiertas-para-donantes-en-el-campamento-foster\/\",\"url\":\"https:\/\/www.bgcgm.org\/es\/news-events\/jornada-de-puertas-abiertas-para-donantes-en-el-campamento-foster\/\",\"name\":\"Jornada de puertas abiertas para donantes en Camp Foster | Boys & Girls Club of Manchester\",\"isPartOf\":{\"@id\":\"https:\/\/bgcgm.org\/#website\"},\"datePublished\":\"2024-05-09T18:19:57+00:00\",\"dateModified\":\"2024-07-02T12:59:39+00:00\",\"description\":\"Abrimos las puertas del Campamento Foster a todos los donantes. Acomp\u00e1\u00f1anos en una visita guiada por el Campamento y observa un d\u00eda en la vida de uno de nuestros campistas.\",\"breadcrumb\":{\"@id\":\"https:\/\/www.bgcgm.org\/es\/news-events\/jornada-de-puertas-abiertas-para-donantes-en-el-campamento-foster\/#breadcrumb\"},\"inLanguage\":\"es\",\"potentialAction\":[{\"@type\":\"ReadAction\",\"target\":[\"https:\/\/www.bgcgm.org\/es\/news-events\/jornada-de-puertas-abiertas-para-donantes-en-el-campamento-foster\/\"]}]},{\"@type\":\"BreadcrumbList\",\"@id\":\"https:\/\/www.bgcgm.org\/es\/news-events\/jornada-de-puertas-abiertas-para-donantes-en-el-campamento-foster\/#breadcrumb\",\"itemListElement\":[{\"@type\":\"ListItem\",\"position\":1,\"name\":\"Home\",\"item\":\"https:\/\/bgcgm.org\/es\/inicio\/\"},{\"@type\":\"ListItem\",\"position\":2,\"name\":\"News &amp; Events\",\"item\":\"https:\/\/bgcgm.org\/es\/news-events\/\"},{\"@type\":\"ListItem\",\"position\":3,\"name\":\"Jornada de puertas abiertas para donantes en el Campamento Foster\"}]},{\"@type\":\"WebSite\",\"@id\":\"https:\/\/bgcgm.org\/#website\",\"url\":\"https:\/\/bgcgm.org\/\",\"name\":\"Boys &amp; Girls Clubs of Greater Manchester\",\"description\":\"Boys &amp; Girls Clubs of Greater Manchester\",\"publisher\":{\"@id\":\"https:\/\/bgcgm.org\/#organization\"},\"potentialAction\":[{\"@type\":\"SearchAction\",\"target\":{\"@type\":\"EntryPoint\",\"urlTemplate\":\"https:\/\/bgcgm.org\/?s={search_term_string}\"},\"query-input\":{\"@type\":\"PropertyValueSpecification\",\"valueRequired\":true,\"valueName\":\"search_term_string\"}}],\"inLanguage\":\"es\"},{\"@type\":\"Organization\",\"@id\":\"https:\/\/bgcgm.org\/#organization\",\"name\":\"Boys &amp; Girls Clubs of Greater Manchester\",\"url\":\"https:\/\/bgcgm.org\/\",\"logo\":{\"@type\":\"ImageObject\",\"inLanguage\":\"es\",\"@id\":\"https:\/\/bgcgm.org\/#\/schema\/logo\/image\/\",\"url\":\"https:\/\/www.bgcgm.org\/wp-content\/uploads\/2022\/04\/BGCGM-CLUBS-Logo-Color-Centered.png\",\"contentUrl\":\"https:\/\/www.bgcgm.org\/wp-content\/uploads\/2022\/04\/BGCGM-CLUBS-Logo-Color-Centered.png\",\"width\":19227,\"height\":10302,\"caption\":\"Boys &amp; Girls Clubs of Greater Manchester\"},\"image\":{\"@id\":\"https:\/\/bgcgm.org\/#\/schema\/logo\/image\/\"}}]}<\/script>\n<!-- \/ Yoast SEO plugin. -->","yoast_head_json":{"title":"Jornada de puertas abiertas para donantes en Camp Foster | Boys & Girls Club of Manchester","description":"Abrimos las puertas del Campamento Foster a todos los donantes. Acomp\u00e1\u00f1anos en una visita guiada por el Campamento y observa un d\u00eda en la vida de uno de nuestros campistas.","robots":{"index":"index","follow":"follow","max-snippet":"max-snippet:-1","max-image-preview":"max-image-preview:large","max-video-preview":"max-video-preview:-1"},"canonical":"https:\/\/www.bgcgm.org\/es\/news-events\/jornada-de-puertas-abiertas-para-donantes-en-el-campamento-foster\/","og_locale":"es_ES","og_type":"article","og_title":"Jornada de puertas abiertas para donantes en Camp Foster | Boys & Girls Club of Manchester","og_description":"Abrimos las puertas del Campamento Foster a todos los donantes. Acomp\u00e1\u00f1anos en una visita guiada por el Campamento y observa un d\u00eda en la vida de uno de nuestros campistas.","og_url":"https:\/\/www.bgcgm.org\/es\/news-events\/jornada-de-puertas-abiertas-para-donantes-en-el-campamento-foster\/","og_site_name":"Boys &amp; Girls Clubs of Greater Manchester","article_modified_time":"2024-07-02T12:59:39+00:00","twitter_card":"summary_large_image","schema":{"@context":"https:\/\/schema.org","@graph":[{"@type":"WebPage","@id":"https:\/\/www.bgcgm.org\/es\/news-events\/jornada-de-puertas-abiertas-para-donantes-en-el-campamento-foster\/","url":"https:\/\/www.bgcgm.org\/es\/news-events\/jornada-de-puertas-abiertas-para-donantes-en-el-campamento-foster\/","name":"Jornada de puertas abiertas para donantes en Camp Foster | Boys & Girls Club of Manchester","isPartOf":{"@id":"https:\/\/bgcgm.org\/#website"},"datePublished":"2024-05-09T18:19:57+00:00","dateModified":"2024-07-02T12:59:39+00:00","description":"Abrimos las puertas del Campamento Foster a todos los donantes. Acomp\u00e1\u00f1anos en una visita guiada por el Campamento y observa un d\u00eda en la vida de uno de nuestros campistas.","breadcrumb":{"@id":"https:\/\/www.bgcgm.org\/es\/news-events\/jornada-de-puertas-abiertas-para-donantes-en-el-campamento-foster\/#breadcrumb"},"inLanguage":"es","potentialAction":[{"@type":"ReadAction","target":["https:\/\/www.bgcgm.org\/es\/news-events\/jornada-de-puertas-abiertas-para-donantes-en-el-campamento-foster\/"]}]},{"@type":"BreadcrumbList","@id":"https:\/\/www.bgcgm.org\/es\/news-events\/jornada-de-puertas-abiertas-para-donantes-en-el-campamento-foster\/#breadcrumb","itemListElement":[{"@type":"ListItem","position":1,"name":"Home","item":"https:\/\/bgcgm.org\/es\/inicio\/"},{"@type":"ListItem","position":2,"name":"News &amp; Events","item":"https:\/\/bgcgm.org\/es\/news-events\/"},{"@type":"ListItem","position":3,"name":"Jornada de puertas abiertas para donantes en el Campamento Foster"}]},{"@type":"WebSite","@id":"https:\/\/bgcgm.org\/#website","url":"https:\/\/bgcgm.org\/","name":"Boys &amp; Girls Clubs of Greater Manchester","description":"Boys &amp; Girls Clubs of Greater Manchester","publisher":{"@id":"https:\/\/bgcgm.org\/#organization"},"potentialAction":[{"@type":"SearchAction","target":{"@type":"EntryPoint","urlTemplate":"https:\/\/bgcgm.org\/?s={search_term_string}"},"query-input":{"@type":"PropertyValueSpecification","valueRequired":true,"valueName":"search_term_string"}}],"inLanguage":"es"},{"@type":"Organization","@id":"https:\/\/bgcgm.org\/#organization","name":"Boys &amp; Girls Clubs of Greater Manchester","url":"https:\/\/bgcgm.org\/","logo":{"@type":"ImageObject","inLanguage":"es","@id":"https:\/\/bgcgm.org\/#\/schema\/logo\/image\/","url":"https:\/\/www.bgcgm.org\/wp-content\/uploads\/2022\/04\/BGCGM-CLUBS-Logo-Color-Centered.png","contentUrl":"https:\/\/www.bgcgm.org\/wp-content\/uploads\/2022\/04\/BGCGM-CLUBS-Logo-Color-Centered.png","width":19227,"height":10302,"caption":"Boys &amp; Girls Clubs of Greater Manchester"},"image":{"@id":"https:\/\/bgcgm.org\/#\/schema\/logo\/image\/"}}]}},"_links":{"self":[{"href":"https:\/\/www.bgcgm.org\/es\/wp-json\/wp\/v2\/pages\/12318","targetHints":{"allow":["GET"]}}],"collection":[{"href":"https:\/\/www.bgcgm.org\/es\/wp-json\/wp\/v2\/pages"}],"about":[{"href":"https:\/\/www.bgcgm.org\/es\/wp-json\/wp\/v2\/types\/page"}],"author":[{"embeddable":true,"href":"https:\/\/www.bgcgm.org\/es\/wp-json\/wp\/v2\/users\/7"}],"replies":[{"embeddable":true,"href":"https:\/\/www.bgcgm.org\/es\/wp-json\/wp\/v2\/comments?post=12318"}],"version-history":[{"count":3,"href":"https:\/\/www.bgcgm.org\/es\/wp-json\/wp\/v2\/pages\/12318\/revisions"}],"predecessor-version":[{"id":12324,"href":"https:\/\/www.bgcgm.org\/es\/wp-json\/wp\/v2\/pages\/12318\/revisions\/12324"}],"up":[{"embeddable":true,"href":"https:\/\/www.bgcgm.org\/es\/wp-json\/wp\/v2\/pages\/12315"}],"wp:attachment":[{"href":"https:\/\/www.bgcgm.org\/es\/wp-json\/wp\/v2\/media?parent=12318"}],"curies":[{"name":"wp","href":"https:\/\/api.w.org\/{rel}","templated":true}]}}