{"id":12411,"date":"2022-12-08T13:21:24","date_gmt":"2022-12-08T17:21:24","guid":{"rendered":"https:\/\/mbgcnh.org\/news-events\/circulo-azul\/"},"modified":"2025-10-23T10:44:56","modified_gmt":"2025-10-23T14:44:56","slug":"circulo-azul","status":"publish","type":"page","link":"https:\/\/www.bgcgm.org\/es\/news-events\/circulo-azul\/","title":{"rendered":"C\u00edrculo azul"},"content":{"rendered":"\t\t<div data-elementor-type=\"wp-page\" data-elementor-id=\"12411\" class=\"elementor elementor-12411 elementor-8695\" data-elementor-post-type=\"page\">\n\t\t\t\t\t\t<section class=\"elementor-section elementor-top-section elementor-element elementor-element-43bc1fa0 elementor-section-height-min-height elementor-section-boxed elementor-section-height-default elementor-section-items-middle\" data-id=\"43bc1fa0\" data-element_type=\"section\" data-e-type=\"section\" data-settings=\"{&quot;background_background&quot;:&quot;classic&quot;,&quot;shape_divider_bottom&quot;:&quot;mountains&quot;}\">\n\t\t\t\t\t\t\t<div class=\"elementor-background-overlay\"><\/div>\n\t\t\t\t\t\t<div class=\"elementor-shape elementor-shape-bottom\" aria-hidden=\"true\" data-negative=\"false\">\n\t\t\t<svg xmlns=\"http:\/\/www.w3.org\/2000\/svg\" viewBox=\"0 0 1000 100\" preserveAspectRatio=\"none\">\n\t<path class=\"elementor-shape-fill\" opacity=\"0.33\" d=\"M473,67.3c-203.9,88.3-263.1-34-320.3,0C66,119.1,0,59.7,0,59.7V0h1000v59.7 c0,0-62.1,26.1-94.9,29.3c-32.8,3.3-62.8-12.3-75.8-22.1C806,49.6,745.3,8.7,694.9,4.7S492.4,59,473,67.3z\"\/>\n\t<path class=\"elementor-shape-fill\" opacity=\"0.66\" d=\"M734,67.3c-45.5,0-77.2-23.2-129.1-39.1c-28.6-8.7-150.3-10.1-254,39.1 s-91.7-34.4-149.2,0C115.7,118.3,0,39.8,0,39.8V0h1000v36.5c0,0-28.2-18.5-92.1-18.5C810.2,18.1,775.7,67.3,734,67.3z\"\/>\n\t<path class=\"elementor-shape-fill\" d=\"M766.1,28.9c-200-57.5-266,65.5-395.1,19.5C242,1.8,242,5.4,184.8,20.6C128,35.8,132.3,44.9,89.9,52.5C28.6,63.7,0,0,0,0 h1000c0,0-9.9,40.9-83.6,48.1S829.6,47,766.1,28.9z\"\/>\n<\/svg>\t\t<\/div>\n\t\t\t\t\t<div class=\"elementor-container elementor-column-gap-no\">\n\t\t\t\t\t<div class=\"elementor-column elementor-col-100 elementor-top-column elementor-element elementor-element-7facc81e\" data-id=\"7facc81e\" data-element_type=\"column\" data-e-type=\"column\">\n\t\t\t<div class=\"elementor-widget-wrap elementor-element-populated\">\n\t\t\t\t\t\t<div class=\"elementor-element elementor-element-32c06d24 elementor-widget elementor-widget-heading\" data-id=\"32c06d24\" data-element_type=\"widget\" data-e-type=\"widget\" data-widget_type=\"heading.default\">\n\t\t\t\t<div class=\"elementor-widget-container\">\n\t\t\t\t\t<h1 class=\"elementor-heading-title elementor-size-default\">C\u00edrculo Azul\nSociedad de J\u00f3venes Profesionales<\/h1>\t\t\t\t<\/div>\n\t\t\t\t<\/div>\n\t\t\t\t\t<\/div>\n\t\t<\/div>\n\t\t\t\t\t<\/div>\n\t\t<\/section>\n\t\t\t\t<section class=\"elementor-section elementor-top-section elementor-element elementor-element-19393193 elementor-section-boxed elementor-section-height-default elementor-section-height-default\" data-id=\"19393193\" data-element_type=\"section\" data-e-type=\"section\" data-settings=\"{&quot;shape_divider_top&quot;:&quot;mountains&quot;}\">\n\t\t\t\t\t<div class=\"elementor-shape elementor-shape-top\" aria-hidden=\"true\" data-negative=\"false\">\n\t\t\t<svg xmlns=\"http:\/\/www.w3.org\/2000\/svg\" viewBox=\"0 0 1000 100\" preserveAspectRatio=\"none\">\n\t<path class=\"elementor-shape-fill\" opacity=\"0.33\" d=\"M473,67.3c-203.9,88.3-263.1-34-320.3,0C66,119.1,0,59.7,0,59.7V0h1000v59.7 c0,0-62.1,26.1-94.9,29.3c-32.8,3.3-62.8-12.3-75.8-22.1C806,49.6,745.3,8.7,694.9,4.7S492.4,59,473,67.3z\"\/>\n\t<path class=\"elementor-shape-fill\" opacity=\"0.66\" d=\"M734,67.3c-45.5,0-77.2-23.2-129.1-39.1c-28.6-8.7-150.3-10.1-254,39.1 s-91.7-34.4-149.2,0C115.7,118.3,0,39.8,0,39.8V0h1000v36.5c0,0-28.2-18.5-92.1-18.5C810.2,18.1,775.7,67.3,734,67.3z\"\/>\n\t<path class=\"elementor-shape-fill\" d=\"M766.1,28.9c-200-57.5-266,65.5-395.1,19.5C242,1.8,242,5.4,184.8,20.6C128,35.8,132.3,44.9,89.9,52.5C28.6,63.7,0,0,0,0 h1000c0,0-9.9,40.9-83.6,48.1S829.6,47,766.1,28.9z\"\/>\n<\/svg>\t\t<\/div>\n\t\t\t\t\t<div class=\"elementor-container elementor-column-gap-no\">\n\t\t\t\t\t<div class=\"elementor-column elementor-col-100 elementor-top-column elementor-element elementor-element-17399d60\" data-id=\"17399d60\" data-element_type=\"column\" data-e-type=\"column\">\n\t\t\t<div class=\"elementor-widget-wrap elementor-element-populated\">\n\t\t\t\t\t\t<section class=\"elementor-section elementor-inner-section elementor-element elementor-element-44bc81e elementor-reverse-tablet elementor-reverse-mobile elementor-section-boxed elementor-section-height-default elementor-section-height-default\" data-id=\"44bc81e\" data-element_type=\"section\" data-e-type=\"section\">\n\t\t\t\t\t\t<div class=\"elementor-container elementor-column-gap-no\">\n\t\t\t\t\t<div class=\"elementor-column elementor-col-100 elementor-inner-column elementor-element elementor-element-3ef3cdd\" data-id=\"3ef3cdd\" data-element_type=\"column\" data-e-type=\"column\">\n\t\t\t<div class=\"elementor-widget-wrap elementor-element-populated\">\n\t\t\t\t\t\t<div class=\"elementor-element elementor-element-6e2b482 elementor-widget elementor-widget-heading\" data-id=\"6e2b482\" data-element_type=\"widget\" data-e-type=\"widget\" data-widget_type=\"heading.default\">\n\t\t\t\t<div class=\"elementor-widget-container\">\n\t\t\t\t\t<h2 class=\"elementor-heading-title elementor-size-default\">Acerca del C\u00edrculo Azul<\/h2>\t\t\t\t<\/div>\n\t\t\t\t<\/div>\n\t\t\t\t<div class=\"elementor-element elementor-element-79beba5 elementor-widget elementor-widget-text-editor\" data-id=\"79beba5\" data-element_type=\"widget\" data-e-type=\"widget\" data-widget_type=\"text-editor.default\">\n\t\t\t\t<div class=\"elementor-widget-container\">\n\t\t\t\t\t\t\t\t\t<p>El C\u00edrculo Azul est\u00e1 comprometido con la pr\u00f3xima generaci\u00f3n para elevar a nuestros futuros l\u00edderes. Los miembros de la Sociedad de J\u00f3venes Profesionales Blue Circle disfrutan de oportunidades de desarrollo profesional, establecimiento de contactos, compromiso con la comunidad y mucho m\u00e1s.<\/p>\n<p>Para saber m\u00e1s sobre c\u00f3mo hacerte miembro del C\u00edrculo Azul, env\u00eda un correo electr\u00f3nico a Hashira Rodr\u00edguez a <a href=\"mailto:hrodriguez@bgcgm.org\">hrodriguez@bgcgm.org<\/a>.<\/p>\n\t\t\t\t\t\t\t\t<\/div>\n\t\t\t\t<\/div>\n\t\t\t\t\t<\/div>\n\t\t<\/div>\n\t\t\t\t\t<\/div>\n\t\t<\/section>\n\t\t\t\t<section class=\"elementor-section elementor-inner-section elementor-element elementor-element-ef97529 elementor-reverse-tablet elementor-reverse-mobile elementor-section-boxed elementor-section-height-default elementor-section-height-default\" data-id=\"ef97529\" data-element_type=\"section\" data-e-type=\"section\">\n\t\t\t\t\t\t<div class=\"elementor-container elementor-column-gap-no\">\n\t\t\t\t\t<div class=\"elementor-column elementor-col-100 elementor-inner-column elementor-element elementor-element-449db18\" data-id=\"449db18\" data-element_type=\"column\" data-e-type=\"column\">\n\t\t\t<div class=\"elementor-widget-wrap elementor-element-populated\">\n\t\t\t\t\t\t<div class=\"elementor-element elementor-element-b159523 elementor-widget elementor-widget-heading\" data-id=\"b159523\" data-element_type=\"widget\" data-e-type=\"widget\" data-widget_type=\"heading.default\">\n\t\t\t\t<div class=\"elementor-widget-container\">\n\t\t\t\t\t<h3 class=\"elementor-heading-title elementor-size-default\">Pr\u00f3ximos eventos del C\u00edrculo Azul<\/h3>\t\t\t\t<\/div>\n\t\t\t\t<\/div>\n\t\t\t\t<div class=\"elementor-element elementor-element-0828cdf elementor-widget elementor-widget-text-editor\" data-id=\"0828cdf\" data-element_type=\"widget\" data-e-type=\"widget\" data-widget_type=\"text-editor.default\">\n\t\t\t\t<div class=\"elementor-widget-container\">\n\t\t\t\t\t\t\t\t\t<h4>Jueves, 13 de noviembre | 6:00-7:30pm<\/h4>\n<p><strong><span style=\"color: #0081c6;\">Blue Circle Evolution Tour y Noche de Informaci\u00f3n para Voluntarios<\/span><br \/><\/strong>Blue Circle Evolution Tour &amp; Volunteer Info Night para j\u00f3venes profesionales de Manchester en el Boys &amp; Girls Clubs of Greater Manchester. Visita el Club y descubre c\u00f3mo participar a trav\u00e9s de nuestras diferentes oportunidades de voluntariado. <\/p>\n<h4>Viernes, 21 de noviembre | 9:00-10:00am<\/h4>\n<p><span style=\"color: #0081c6;\"><strong>Charla de caf\u00e9<\/strong><\/span><br \/>El tema del Coffee Chat de noviembre es el Desarrollo de la Junta Directiva y el Liderazgo Comunitario. Un inspirador panel de debate con miembros actuales de juntas directivas que compartir\u00e1n sus experiencias sobre por qu\u00e9 sirven, qu\u00e9 les mantiene comprometidos y c\u00f3mo el liderazgo comunitario puede dar forma tanto a su carrera como a su prop\u00f3sito. <\/p>\n<h4>Martes, 16 de diciembre | 5:00-7:00pm<\/h4>\n<p><strong><span style=\"color: #0081c6;\">Oportunidad de voluntariado: Fiesta de Envoltura de Regalos<\/span><br \/><\/strong>Ay\u00fadanos a envolver regalos para los socios del Club y sus familias durante esta velada festiva.<\/p>\n<h4>Viernes, 23 de enero | 9:00-10:00am<\/h4>\n<p><strong><span style=\"color: #0081c6;\">Charla de caf\u00e9<\/span><br \/><\/strong>El tema del Coffee Chat de enero es Construir tu marca profesional en 2026. Consejos sobre creaci\u00f3n de redes, presencia y autenticidad, al tiempo que estableces conexiones significativas que abren puertas en tu carrera y en tu comunidad.   <\/p>\n<h4>Jueves, 5 de febrero | 5:00-7:00pm<\/h4>\n<p><strong><span style=\"color: #0081c6;\">Noche de Juegos para Adolescentes y J\u00f3venes Profesionales<\/span><br \/><\/strong>Forma equipo con uno de nuestros adolescentes del Club para una noche de juegos cl\u00e1sicos de la Sala de Juegos: billar, ping pong, juegos de mesa y mucho m\u00e1s.<\/p>\n<\/p>\n<p>Los Eventos del C\u00edrculo Azul son gratuitos. Por favor, confirma tu asistencia a la Directora de Desarrollo del BGCGM, Hashira Rodr\u00edguez, en <a href=\"mailto:hrodriguez@bgcgm.org\">hrodriguez@bgcgm.org.<\/a> <\/p>\n\t\t\t\t\t\t\t\t<\/div>\n\t\t\t\t<\/div>\n\t\t\t\t\t<\/div>\n\t\t<\/div>\n\t\t\t\t\t<\/div>\n\t\t<\/section>\n\t\t\t\t\t<\/div>\n\t\t<\/div>\n\t\t\t\t\t<\/div>\n\t\t<\/section>\n\t\t\t\t<section class=\"elementor-section elementor-top-section elementor-element elementor-element-15b611e elementor-section-boxed elementor-section-height-default elementor-section-height-default\" data-id=\"15b611e\" data-element_type=\"section\" data-e-type=\"section\">\n\t\t\t\t\t\t<div class=\"elementor-container elementor-column-gap-default\">\n\t\t\t\t\t<div class=\"elementor-column elementor-col-50 elementor-top-column elementor-element elementor-element-910a762\" data-id=\"910a762\" data-element_type=\"column\" data-e-type=\"column\">\n\t\t\t<div class=\"elementor-widget-wrap elementor-element-populated\">\n\t\t\t\t\t\t<div class=\"elementor-element elementor-element-d135804 elementor-widget elementor-widget-button\" data-id=\"d135804\" data-element_type=\"widget\" data-e-type=\"widget\" data-widget_type=\"button.default\">\n\t\t\t\t<div class=\"elementor-widget-container\">\n\t\t\t\t\t\t\t\t\t<div class=\"elementor-button-wrapper\">\n\t\t\t\t\t<a class=\"elementor-button elementor-button-link elementor-size-sm\" href=\"https:\/\/bgcgm.org\/wp-content\/uploads\/2024\/02\/Blue-Circle-9.pdf\" target=\"_blank\">\n\t\t\t\t\t\t<span class=\"elementor-button-content-wrapper\">\n\t\t\t\t\t\t\t\t\t<span class=\"elementor-button-text\">Haz clic aqu\u00ed para ver el folleto del c\u00edrculo azul<\/span>\n\t\t\t\t\t<\/span>\n\t\t\t\t\t<\/a>\n\t\t\t\t<\/div>\n\t\t\t\t\t\t\t\t<\/div>\n\t\t\t\t<\/div>\n\t\t\t\t\t<\/div>\n\t\t<\/div>\n\t\t\t\t<div class=\"elementor-column elementor-col-50 elementor-top-column elementor-element elementor-element-f0c116d\" data-id=\"f0c116d\" data-element_type=\"column\" data-e-type=\"column\">\n\t\t\t<div class=\"elementor-widget-wrap elementor-element-populated\">\n\t\t\t\t\t\t<div class=\"elementor-element elementor-element-9d1ef31 elementor-widget elementor-widget-button\" data-id=\"9d1ef31\" data-element_type=\"widget\" data-e-type=\"widget\" data-widget_type=\"button.default\">\n\t\t\t\t<div class=\"elementor-widget-container\">\n\t\t\t\t\t\t\t\t\t<div class=\"elementor-button-wrapper\">\n\t\t\t\t\t<a class=\"elementor-button elementor-button-link elementor-size-sm\" href=\"https:\/\/bgcgm.org\/es\/dona\/donacion-del-circulo-azul\/\" target=\"_blank\">\n\t\t\t\t\t\t<span class=\"elementor-button-content-wrapper\">\n\t\t\t\t\t\t\t\t\t<span class=\"elementor-button-text\">Solicitud y cuotas de afiliaci\u00f3n al C\u00edrculo Azul<\/span>\n\t\t\t\t\t<\/span>\n\t\t\t\t\t<\/a>\n\t\t\t\t<\/div>\n\t\t\t\t\t\t\t\t<\/div>\n\t\t\t\t<\/div>\n\t\t\t\t\t<\/div>\n\t\t<\/div>\n\t\t\t\t\t<\/div>\n\t\t<\/section>\n\t\t\t\t<section class=\"elementor-section elementor-top-section elementor-element elementor-element-023622e elementor-section-boxed elementor-section-height-default elementor-section-height-default\" data-id=\"023622e\" data-element_type=\"section\" data-e-type=\"section\">\n\t\t\t\t\t\t<div class=\"elementor-container elementor-column-gap-default\">\n\t\t\t\t\t<div class=\"elementor-column elementor-col-100 elementor-top-column elementor-element elementor-element-10c3b43\" data-id=\"10c3b43\" data-element_type=\"column\" data-e-type=\"column\">\n\t\t\t<div class=\"elementor-widget-wrap elementor-element-populated\">\n\t\t\t\t\t\t<div class=\"elementor-element elementor-element-ddd2e7f elementor-widget elementor-widget-spacer\" data-id=\"ddd2e7f\" data-element_type=\"widget\" data-e-type=\"widget\" data-widget_type=\"spacer.default\">\n\t\t\t\t<div class=\"elementor-widget-container\">\n\t\t\t\t\t\t\t<div class=\"elementor-spacer\">\n\t\t\t<div class=\"elementor-spacer-inner\"><\/div>\n\t\t<\/div>\n\t\t\t\t\t\t<\/div>\n\t\t\t\t<\/div>\n\t\t\t\t<div class=\"elementor-element elementor-element-4170e36 elementor-widget elementor-widget-heading\" data-id=\"4170e36\" data-element_type=\"widget\" data-e-type=\"widget\" data-widget_type=\"heading.default\">\n\t\t\t\t<div class=\"elementor-widget-container\">\n\t\t\t\t\t<h2 class=\"elementor-heading-title elementor-size-default\">Gracias a nuestro patrocinador del C\u00edrculo Azul:<\/h2>\t\t\t\t<\/div>\n\t\t\t\t<\/div>\n\t\t\t\t<div class=\"elementor-element elementor-element-5d503c7 elementor-widget elementor-widget-image\" data-id=\"5d503c7\" data-element_type=\"widget\" data-e-type=\"widget\" data-widget_type=\"image.default\">\n\t\t\t\t<div class=\"elementor-widget-container\">\n\t\t\t\t\t\t\t\t\t\t\t\t\t\t\t<img fetchpriority=\"high\" decoding=\"async\" width=\"300\" height=\"300\" src=\"https:\/\/www.bgcgm.org\/wp-content\/uploads\/2022\/06\/Sponsors-comcast-300x300.png\" class=\"attachment-medium size-medium wp-image-11458\" alt=\"\" srcset=\"https:\/\/www.bgcgm.org\/wp-content\/uploads\/2022\/06\/Sponsors-comcast-300x300.png 300w, https:\/\/www.bgcgm.org\/wp-content\/uploads\/2022\/06\/Sponsors-comcast-150x150.png 150w, https:\/\/www.bgcgm.org\/wp-content\/uploads\/2022\/06\/Sponsors-comcast-768x768.png 768w, https:\/\/www.bgcgm.org\/wp-content\/uploads\/2022\/06\/Sponsors-comcast.png 800w\" sizes=\"(max-width: 300px) 100vw, 300px\" \/>\t\t\t\t\t\t\t\t\t\t\t\t\t\t\t<\/div>\n\t\t\t\t<\/div>\n\t\t\t\t\t<\/div>\n\t\t<\/div>\n\t\t\t\t\t<\/div>\n\t\t<\/section>\n\t\t\t\t<\/div>\n\t\t","protected":false},"excerpt":{"rendered":"<p>C\u00edrculo Azul Sociedad de J\u00f3venes Profesionales Acerca del C\u00edrculo Azul El C\u00edrculo Azul est\u00e1 comprometido con la pr\u00f3xima generaci\u00f3n para elevar a nuestros futuros l\u00edderes. Los miembros de la Sociedad de J\u00f3venes Profesionales Blue Circle disfrutan de oportunidades de desarrollo profesional, establecimiento de contactos, compromiso con la comunidad y mucho m\u00e1s. Para saber m\u00e1s sobre [&hellip;]<\/p>\n","protected":false},"author":7,"featured_media":0,"parent":12315,"menu_order":0,"comment_status":"closed","ping_status":"closed","template":"elementor_header_footer","meta":{"footnotes":""},"class_list":["post-12411","page","type-page","status-publish","hentry"],"yoast_head":"<!-- This site is optimized with the Yoast SEO plugin v27.2 - https:\/\/yoast.com\/product\/yoast-seo-wordpress\/ -->\n<title>C\u00edrculo azul - Boys &amp; Girls Clubs of Greater Manchester<\/title>\n<meta name=\"robots\" content=\"index, follow, max-snippet:-1, max-image-preview:large, max-video-preview:-1\" \/>\n<link rel=\"canonical\" href=\"https:\/\/www.bgcgm.org\/es\/news-events\/circulo-azul\/\" \/>\n<meta property=\"og:locale\" content=\"es_ES\" \/>\n<meta property=\"og:type\" content=\"article\" \/>\n<meta property=\"og:title\" content=\"C\u00edrculo azul - Boys &amp; Girls Clubs of Greater Manchester\" \/>\n<meta property=\"og:description\" content=\"C\u00edrculo Azul Sociedad de J\u00f3venes Profesionales Acerca del C\u00edrculo Azul El C\u00edrculo Azul est\u00e1 comprometido con la pr\u00f3xima generaci\u00f3n para elevar a nuestros futuros l\u00edderes. Los miembros de la Sociedad de J\u00f3venes Profesionales Blue Circle disfrutan de oportunidades de desarrollo profesional, establecimiento de contactos, compromiso con la comunidad y mucho m\u00e1s. Para saber m\u00e1s sobre [&hellip;]\" \/>\n<meta property=\"og:url\" content=\"https:\/\/www.bgcgm.org\/es\/news-events\/circulo-azul\/\" \/>\n<meta property=\"og:site_name\" content=\"Boys &amp; Girls Clubs of Greater Manchester\" \/>\n<meta property=\"article:modified_time\" content=\"2025-10-23T14:44:56+00:00\" \/>\n<meta property=\"og:image\" content=\"https:\/\/www.bgcgm.org\/wp-content\/uploads\/2022\/06\/Sponsors-comcast.png\" \/>\n\t<meta property=\"og:image:width\" content=\"800\" \/>\n\t<meta property=\"og:image:height\" content=\"800\" \/>\n\t<meta property=\"og:image:type\" content=\"image\/png\" \/>\n<meta name=\"twitter:card\" content=\"summary_large_image\" \/>\n<meta name=\"twitter:label1\" content=\"Tiempo de lectura\" \/>\n\t<meta name=\"twitter:data1\" content=\"2 minutos\" \/>\n<script type=\"application\/ld+json\" class=\"yoast-schema-graph\">{\"@context\":\"https:\/\/schema.org\",\"@graph\":[{\"@type\":\"WebPage\",\"@id\":\"https:\/\/www.bgcgm.org\/es\/news-events\/circulo-azul\/\",\"url\":\"https:\/\/www.bgcgm.org\/es\/news-events\/circulo-azul\/\",\"name\":\"C\u00edrculo azul - Boys &amp; Girls Clubs of Greater Manchester\",\"isPartOf\":{\"@id\":\"https:\/\/bgcgm.org\/#website\"},\"primaryImageOfPage\":{\"@id\":\"https:\/\/www.bgcgm.org\/es\/news-events\/circulo-azul\/#primaryimage\"},\"image\":{\"@id\":\"https:\/\/www.bgcgm.org\/es\/news-events\/circulo-azul\/#primaryimage\"},\"thumbnailUrl\":\"https:\/\/bgcgm.org\/wp-content\/uploads\/2022\/06\/Sponsors-comcast-300x300.png\",\"datePublished\":\"2022-12-08T17:21:24+00:00\",\"dateModified\":\"2025-10-23T14:44:56+00:00\",\"breadcrumb\":{\"@id\":\"https:\/\/www.bgcgm.org\/es\/news-events\/circulo-azul\/#breadcrumb\"},\"inLanguage\":\"es\",\"potentialAction\":[{\"@type\":\"ReadAction\",\"target\":[\"https:\/\/www.bgcgm.org\/es\/news-events\/circulo-azul\/\"]}]},{\"@type\":\"ImageObject\",\"inLanguage\":\"es\",\"@id\":\"https:\/\/www.bgcgm.org\/es\/news-events\/circulo-azul\/#primaryimage\",\"url\":\"https:\/\/bgcgm.org\/wp-content\/uploads\/2022\/06\/Sponsors-comcast-300x300.png\",\"contentUrl\":\"https:\/\/bgcgm.org\/wp-content\/uploads\/2022\/06\/Sponsors-comcast-300x300.png\"},{\"@type\":\"BreadcrumbList\",\"@id\":\"https:\/\/www.bgcgm.org\/es\/news-events\/circulo-azul\/#breadcrumb\",\"itemListElement\":[{\"@type\":\"ListItem\",\"position\":1,\"name\":\"Home\",\"item\":\"https:\/\/bgcgm.org\/es\/inicio\/\"},{\"@type\":\"ListItem\",\"position\":2,\"name\":\"News &amp; Events\",\"item\":\"https:\/\/bgcgm.org\/es\/news-events\/\"},{\"@type\":\"ListItem\",\"position\":3,\"name\":\"C\u00edrculo azul\"}]},{\"@type\":\"WebSite\",\"@id\":\"https:\/\/bgcgm.org\/#website\",\"url\":\"https:\/\/bgcgm.org\/\",\"name\":\"Boys &amp; Girls Clubs of Greater Manchester\",\"description\":\"Boys &amp; Girls Clubs of Greater Manchester\",\"publisher\":{\"@id\":\"https:\/\/bgcgm.org\/#organization\"},\"potentialAction\":[{\"@type\":\"SearchAction\",\"target\":{\"@type\":\"EntryPoint\",\"urlTemplate\":\"https:\/\/bgcgm.org\/?s={search_term_string}\"},\"query-input\":{\"@type\":\"PropertyValueSpecification\",\"valueRequired\":true,\"valueName\":\"search_term_string\"}}],\"inLanguage\":\"es\"},{\"@type\":\"Organization\",\"@id\":\"https:\/\/bgcgm.org\/#organization\",\"name\":\"Boys &amp; Girls Clubs of Greater Manchester\",\"url\":\"https:\/\/bgcgm.org\/\",\"logo\":{\"@type\":\"ImageObject\",\"inLanguage\":\"es\",\"@id\":\"https:\/\/bgcgm.org\/#\/schema\/logo\/image\/\",\"url\":\"https:\/\/www.bgcgm.org\/wp-content\/uploads\/2022\/04\/BGCGM-CLUBS-Logo-Color-Centered.png\",\"contentUrl\":\"https:\/\/www.bgcgm.org\/wp-content\/uploads\/2022\/04\/BGCGM-CLUBS-Logo-Color-Centered.png\",\"width\":19227,\"height\":10302,\"caption\":\"Boys &amp; Girls Clubs of Greater Manchester\"},\"image\":{\"@id\":\"https:\/\/bgcgm.org\/#\/schema\/logo\/image\/\"}}]}<\/script>\n<!-- \/ Yoast SEO plugin. -->","yoast_head_json":{"title":"C\u00edrculo azul - Boys &amp; Girls Clubs of Greater Manchester","robots":{"index":"index","follow":"follow","max-snippet":"max-snippet:-1","max-image-preview":"max-image-preview:large","max-video-preview":"max-video-preview:-1"},"canonical":"https:\/\/www.bgcgm.org\/es\/news-events\/circulo-azul\/","og_locale":"es_ES","og_type":"article","og_title":"C\u00edrculo azul - Boys &amp; Girls Clubs of Greater Manchester","og_description":"C\u00edrculo Azul Sociedad de J\u00f3venes Profesionales Acerca del C\u00edrculo Azul El C\u00edrculo Azul est\u00e1 comprometido con la pr\u00f3xima generaci\u00f3n para elevar a nuestros futuros l\u00edderes. Los miembros de la Sociedad de J\u00f3venes Profesionales Blue Circle disfrutan de oportunidades de desarrollo profesional, establecimiento de contactos, compromiso con la comunidad y mucho m\u00e1s. Para saber m\u00e1s sobre [&hellip;]","og_url":"https:\/\/www.bgcgm.org\/es\/news-events\/circulo-azul\/","og_site_name":"Boys &amp; Girls Clubs of Greater Manchester","article_modified_time":"2025-10-23T14:44:56+00:00","og_image":[{"width":800,"height":800,"url":"https:\/\/www.bgcgm.org\/wp-content\/uploads\/2022\/06\/Sponsors-comcast.png","type":"image\/png"}],"twitter_card":"summary_large_image","twitter_misc":{"Tiempo de lectura":"2 minutos"},"schema":{"@context":"https:\/\/schema.org","@graph":[{"@type":"WebPage","@id":"https:\/\/www.bgcgm.org\/es\/news-events\/circulo-azul\/","url":"https:\/\/www.bgcgm.org\/es\/news-events\/circulo-azul\/","name":"C\u00edrculo azul - Boys &amp; Girls Clubs of Greater Manchester","isPartOf":{"@id":"https:\/\/bgcgm.org\/#website"},"primaryImageOfPage":{"@id":"https:\/\/www.bgcgm.org\/es\/news-events\/circulo-azul\/#primaryimage"},"image":{"@id":"https:\/\/www.bgcgm.org\/es\/news-events\/circulo-azul\/#primaryimage"},"thumbnailUrl":"https:\/\/bgcgm.org\/wp-content\/uploads\/2022\/06\/Sponsors-comcast-300x300.png","datePublished":"2022-12-08T17:21:24+00:00","dateModified":"2025-10-23T14:44:56+00:00","breadcrumb":{"@id":"https:\/\/www.bgcgm.org\/es\/news-events\/circulo-azul\/#breadcrumb"},"inLanguage":"es","potentialAction":[{"@type":"ReadAction","target":["https:\/\/www.bgcgm.org\/es\/news-events\/circulo-azul\/"]}]},{"@type":"ImageObject","inLanguage":"es","@id":"https:\/\/www.bgcgm.org\/es\/news-events\/circulo-azul\/#primaryimage","url":"https:\/\/bgcgm.org\/wp-content\/uploads\/2022\/06\/Sponsors-comcast-300x300.png","contentUrl":"https:\/\/bgcgm.org\/wp-content\/uploads\/2022\/06\/Sponsors-comcast-300x300.png"},{"@type":"BreadcrumbList","@id":"https:\/\/www.bgcgm.org\/es\/news-events\/circulo-azul\/#breadcrumb","itemListElement":[{"@type":"ListItem","position":1,"name":"Home","item":"https:\/\/bgcgm.org\/es\/inicio\/"},{"@type":"ListItem","position":2,"name":"News &amp; Events","item":"https:\/\/bgcgm.org\/es\/news-events\/"},{"@type":"ListItem","position":3,"name":"C\u00edrculo azul"}]},{"@type":"WebSite","@id":"https:\/\/bgcgm.org\/#website","url":"https:\/\/bgcgm.org\/","name":"Boys &amp; Girls Clubs of Greater Manchester","description":"Boys &amp; Girls Clubs of Greater Manchester","publisher":{"@id":"https:\/\/bgcgm.org\/#organization"},"potentialAction":[{"@type":"SearchAction","target":{"@type":"EntryPoint","urlTemplate":"https:\/\/bgcgm.org\/?s={search_term_string}"},"query-input":{"@type":"PropertyValueSpecification","valueRequired":true,"valueName":"search_term_string"}}],"inLanguage":"es"},{"@type":"Organization","@id":"https:\/\/bgcgm.org\/#organization","name":"Boys &amp; Girls Clubs of Greater Manchester","url":"https:\/\/bgcgm.org\/","logo":{"@type":"ImageObject","inLanguage":"es","@id":"https:\/\/bgcgm.org\/#\/schema\/logo\/image\/","url":"https:\/\/www.bgcgm.org\/wp-content\/uploads\/2022\/04\/BGCGM-CLUBS-Logo-Color-Centered.png","contentUrl":"https:\/\/www.bgcgm.org\/wp-content\/uploads\/2022\/04\/BGCGM-CLUBS-Logo-Color-Centered.png","width":19227,"height":10302,"caption":"Boys &amp; Girls Clubs of Greater Manchester"},"image":{"@id":"https:\/\/bgcgm.org\/#\/schema\/logo\/image\/"}}]}},"_links":{"self":[{"href":"https:\/\/www.bgcgm.org\/es\/wp-json\/wp\/v2\/pages\/12411","targetHints":{"allow":["GET"]}}],"collection":[{"href":"https:\/\/www.bgcgm.org\/es\/wp-json\/wp\/v2\/pages"}],"about":[{"href":"https:\/\/www.bgcgm.org\/es\/wp-json\/wp\/v2\/types\/page"}],"author":[{"embeddable":true,"href":"https:\/\/www.bgcgm.org\/es\/wp-json\/wp\/v2\/users\/7"}],"replies":[{"embeddable":true,"href":"https:\/\/www.bgcgm.org\/es\/wp-json\/wp\/v2\/comments?post=12411"}],"version-history":[{"count":4,"href":"https:\/\/www.bgcgm.org\/es\/wp-json\/wp\/v2\/pages\/12411\/revisions"}],"predecessor-version":[{"id":15403,"href":"https:\/\/www.bgcgm.org\/es\/wp-json\/wp\/v2\/pages\/12411\/revisions\/15403"}],"up":[{"embeddable":true,"href":"https:\/\/www.bgcgm.org\/es\/wp-json\/wp\/v2\/pages\/12315"}],"wp:attachment":[{"href":"https:\/\/www.bgcgm.org\/es\/wp-json\/wp\/v2\/media?parent=12411"}],"curies":[{"name":"wp","href":"https:\/\/api.w.org\/{rel}","templated":true}]}}