{"id":15662,"date":"2025-12-29T09:53:13","date_gmt":"2025-12-29T13:53:13","guid":{"rendered":"https:\/\/bgcgm.org\/programs\/solicitud-para-el-ano-escolar-2\/"},"modified":"2026-02-13T13:04:22","modified_gmt":"2026-02-13T17:04:22","slug":"solicitud-para-el-ano-escolar-2","status":"publish","type":"page","link":"https:\/\/www.bgcgm.org\/es\/programs\/solicitud-para-el-ano-escolar-2\/","title":{"rendered":"Matr\u00edcula en d\u00edas no lectivos"},"content":{"rendered":"\t\t<div data-elementor-type=\"wp-page\" data-elementor-id=\"15662\" class=\"elementor elementor-15662 elementor-15657\" data-elementor-post-type=\"page\">\n\t\t\t\t\t\t<section class=\"elementor-section elementor-top-section elementor-element elementor-element-14e3e697 elementor-section-full_width elementor-section-height-min-height elementor-section-height-default elementor-section-items-middle\" data-id=\"14e3e697\" data-element_type=\"section\" data-e-type=\"section\" data-settings=\"{&quot;background_background&quot;:&quot;classic&quot;,&quot;shape_divider_bottom&quot;:&quot;mountains&quot;}\">\n\t\t\t\t\t\t\t<div class=\"elementor-background-overlay\"><\/div>\n\t\t\t\t\t\t<div class=\"elementor-shape elementor-shape-bottom\" aria-hidden=\"true\" data-negative=\"false\">\n\t\t\t<svg xmlns=\"http:\/\/www.w3.org\/2000\/svg\" viewBox=\"0 0 1000 100\" preserveAspectRatio=\"none\">\n\t<path class=\"elementor-shape-fill\" opacity=\"0.33\" d=\"M473,67.3c-203.9,88.3-263.1-34-320.3,0C66,119.1,0,59.7,0,59.7V0h1000v59.7 c0,0-62.1,26.1-94.9,29.3c-32.8,3.3-62.8-12.3-75.8-22.1C806,49.6,745.3,8.7,694.9,4.7S492.4,59,473,67.3z\"\/>\n\t<path class=\"elementor-shape-fill\" opacity=\"0.66\" d=\"M734,67.3c-45.5,0-77.2-23.2-129.1-39.1c-28.6-8.7-150.3-10.1-254,39.1 s-91.7-34.4-149.2,0C115.7,118.3,0,39.8,0,39.8V0h1000v36.5c0,0-28.2-18.5-92.1-18.5C810.2,18.1,775.7,67.3,734,67.3z\"\/>\n\t<path class=\"elementor-shape-fill\" d=\"M766.1,28.9c-200-57.5-266,65.5-395.1,19.5C242,1.8,242,5.4,184.8,20.6C128,35.8,132.3,44.9,89.9,52.5C28.6,63.7,0,0,0,0 h1000c0,0-9.9,40.9-83.6,48.1S829.6,47,766.1,28.9z\"\/>\n<\/svg>\t\t<\/div>\n\t\t\t\t\t<div class=\"elementor-container elementor-column-gap-no\">\n\t\t\t\t\t<div class=\"elementor-column elementor-col-100 elementor-top-column elementor-element elementor-element-141ca87a\" data-id=\"141ca87a\" data-element_type=\"column\" data-e-type=\"column\">\n\t\t\t<div class=\"elementor-widget-wrap elementor-element-populated\">\n\t\t\t\t\t\t<section class=\"elementor-section elementor-inner-section elementor-element elementor-element-53dcb753 elementor-section-boxed elementor-section-height-default elementor-section-height-default\" data-id=\"53dcb753\" data-element_type=\"section\" data-e-type=\"section\">\n\t\t\t\t\t\t<div class=\"elementor-container elementor-column-gap-default\">\n\t\t\t\t\t<div class=\"elementor-column elementor-col-50 elementor-inner-column elementor-element elementor-element-6f462e43\" data-id=\"6f462e43\" data-element_type=\"column\" data-e-type=\"column\">\n\t\t\t<div class=\"elementor-widget-wrap elementor-element-populated\">\n\t\t\t\t\t\t<div class=\"elementor-element elementor-element-e6b6e49 elementor-widget elementor-widget-heading\" data-id=\"e6b6e49\" data-element_type=\"widget\" data-e-type=\"widget\" data-widget_type=\"heading.default\">\n\t\t\t\t<div class=\"elementor-widget-container\">\n\t\t\t\t\t<h2 class=\"elementor-heading-title elementor-size-default\">Matr\u00edcula en d\u00edas no lectivos<\/h2>\t\t\t\t<\/div>\n\t\t\t\t<\/div>\n\t\t\t\t<div class=\"elementor-element elementor-element-fb85eb0 elementor-widget elementor-widget-heading\" data-id=\"fb85eb0\" data-element_type=\"widget\" data-e-type=\"widget\" data-widget_type=\"heading.default\">\n\t\t\t\t<div class=\"elementor-widget-container\">\n\t\t\t\t\t<h2 class=\"elementor-heading-title elementor-size-default\">Lunes 16 de febrero<\/h2>\t\t\t\t<\/div>\n\t\t\t\t<\/div>\n\t\t\t\t\t<\/div>\n\t\t<\/div>\n\t\t\t\t<div class=\"elementor-column elementor-col-50 elementor-inner-column elementor-element elementor-element-6b7e8056\" data-id=\"6b7e8056\" data-element_type=\"column\" data-e-type=\"column\">\n\t\t\t<div class=\"elementor-widget-wrap\">\n\t\t\t\t\t\t\t<\/div>\n\t\t<\/div>\n\t\t\t\t\t<\/div>\n\t\t<\/section>\n\t\t\t\t\t<\/div>\n\t\t<\/div>\n\t\t\t\t\t<\/div>\n\t\t<\/section>\n\t\t\t\t<section class=\"elementor-section elementor-top-section elementor-element elementor-element-0ed98f3 elementor-section-boxed elementor-section-height-default elementor-section-height-default\" data-id=\"0ed98f3\" data-element_type=\"section\" data-e-type=\"section\">\n\t\t\t\t\t\t<div class=\"elementor-container elementor-column-gap-default\">\n\t\t\t\t\t<div class=\"elementor-column elementor-col-100 elementor-top-column elementor-element elementor-element-9b1ba42\" data-id=\"9b1ba42\" data-element_type=\"column\" data-e-type=\"column\">\n\t\t\t<div class=\"elementor-widget-wrap elementor-element-populated\">\n\t\t\t\t\t\t<div class=\"elementor-element elementor-element-71efaf7 elementor-widget elementor-widget-text-editor\" data-id=\"71efaf7\" data-element_type=\"widget\" data-e-type=\"widget\" data-widget_type=\"text-editor.default\">\n\t\t\t\t<div class=\"elementor-widget-container\">\n\t\t\t\t\t\t\t\t\t<p>El Distrito Escolar de Manchester est\u00e1 cerrado el <strong>lunes 16 de febrero por el D\u00eda del Presidente<\/strong>. Sin embargo, el Clubhouse de BGCGM estar\u00e1 abierto para <strong>los<\/strong> <strong>grados K-8 de 7 a 18 h<\/strong>, y para <strong>los grados 9-12 a partir de las 12 h<\/strong>. <\/p>\n<p>Los miembros que pagan cuotas semanales pueden inscribirse gratuitamente a continuaci\u00f3n. Al resto de inscritos se les cobrar\u00e1 25 $. <\/p>\n<p><em><strong>Rellena un formulario por persona inscrita.<\/strong><\/em><\/p>\n\t\t\t\t\t\t\t\t<\/div>\n\t\t\t\t<\/div>\n\t\t\t\t\t<\/div>\n\t\t<\/div>\n\t\t\t\t\t<\/div>\n\t\t<\/section>\n\t\t\t\t<section class=\"elementor-section elementor-top-section elementor-element elementor-element-a581b6a elementor-section-boxed elementor-section-height-default elementor-section-height-default\" data-id=\"a581b6a\" data-element_type=\"section\" data-e-type=\"section\">\n\t\t\t\t\t\t<div class=\"elementor-container elementor-column-gap-default\">\n\t\t\t\t\t<div class=\"elementor-column elementor-col-100 elementor-top-column elementor-element elementor-element-2095bf1\" data-id=\"2095bf1\" data-element_type=\"column\" data-e-type=\"column\">\n\t\t\t<div class=\"elementor-widget-wrap elementor-element-populated\">\n\t\t\t\t\t\t<div class=\"elementor-element elementor-element-ede7d85 elementor-widget elementor-widget-shortcode\" data-id=\"ede7d85\" data-element_type=\"widget\" data-e-type=\"widget\" data-widget_type=\"shortcode.default\">\n\t\t\t\t<div class=\"elementor-widget-container\">\n\t\t\t\t\t\t\t<div class=\"elementor-shortcode\"><\/div>\n\t\t\t\t\t\t<\/div>\n\t\t\t\t<\/div>\n\t\t\t\t\t<\/div>\n\t\t<\/div>\n\t\t\t\t\t<\/div>\n\t\t<\/section>\n\t\t\t\t<\/div>\n\t\t","protected":false},"excerpt":{"rendered":"<p>Matr\u00edcula en d\u00edas no lectivos Lunes 16 de febrero El Distrito Escolar de Manchester est\u00e1 cerrado el lunes 16 de febrero por el D\u00eda del Presidente. Sin embargo, el Clubhouse de BGCGM estar\u00e1 abierto para los grados K-8 de 7 a 18 h, y para los grados 9-12 a partir de las 12 h. Los [&hellip;]<\/p>\n","protected":false},"author":7,"featured_media":0,"parent":12200,"menu_order":0,"comment_status":"closed","ping_status":"closed","template":"elementor_header_footer","meta":{"footnotes":""},"class_list":["post-15662","page","type-page","status-publish","hentry"],"yoast_head":"<!-- This site is optimized with the Yoast SEO plugin v27.2 - https:\/\/yoast.com\/product\/yoast-seo-wordpress\/ -->\n<title>BGCGM No Inscripci\u00f3n D\u00eda Escolar<\/title>\n<meta name=\"description\" content=\"Los Boys &amp; Girls Clubs of Greater Manchester ofrecen programas en determinados &quot;d\u00edas no lectivos&quot; para ayudar a aliviar la carga que supone el cuidado de los ni\u00f1os para las familias.\" \/>\n<meta name=\"robots\" content=\"index, follow, max-snippet:-1, max-image-preview:large, max-video-preview:-1\" \/>\n<link rel=\"canonical\" href=\"https:\/\/www.bgcgm.org\/es\/programs\/solicitud-para-el-ano-escolar-2\/\" \/>\n<meta property=\"og:locale\" content=\"es_ES\" \/>\n<meta property=\"og:type\" content=\"article\" \/>\n<meta property=\"og:title\" content=\"BGCGM No Inscripci\u00f3n D\u00eda Escolar\" \/>\n<meta property=\"og:description\" content=\"Los Boys &amp; Girls Clubs of Greater Manchester ofrecen programas en determinados &quot;d\u00edas no lectivos&quot; para ayudar a aliviar la carga que supone el cuidado de los ni\u00f1os para las familias.\" \/>\n<meta property=\"og:url\" content=\"https:\/\/www.bgcgm.org\/es\/programs\/solicitud-para-el-ano-escolar-2\/\" \/>\n<meta property=\"og:site_name\" content=\"Boys &amp; Girls Clubs of Greater Manchester\" \/>\n<meta property=\"article:modified_time\" content=\"2026-02-13T17:04:22+00:00\" \/>\n<meta name=\"twitter:card\" content=\"summary_large_image\" \/>\n<script type=\"application\/ld+json\" class=\"yoast-schema-graph\">{\"@context\":\"https:\/\/schema.org\",\"@graph\":[{\"@type\":\"WebPage\",\"@id\":\"https:\/\/www.bgcgm.org\/es\/programs\/solicitud-para-el-ano-escolar-2\/\",\"url\":\"https:\/\/www.bgcgm.org\/es\/programs\/solicitud-para-el-ano-escolar-2\/\",\"name\":\"BGCGM No Inscripci\u00f3n D\u00eda Escolar\",\"isPartOf\":{\"@id\":\"https:\/\/bgcgm.org\/#website\"},\"datePublished\":\"2025-12-29T13:53:13+00:00\",\"dateModified\":\"2026-02-13T17:04:22+00:00\",\"description\":\"Los Boys & Girls Clubs of Greater Manchester ofrecen programas en determinados \\\"d\u00edas no lectivos\\\" para ayudar a aliviar la carga que supone el cuidado de los ni\u00f1os para las familias.\",\"breadcrumb\":{\"@id\":\"https:\/\/www.bgcgm.org\/es\/programs\/solicitud-para-el-ano-escolar-2\/#breadcrumb\"},\"inLanguage\":\"es\",\"potentialAction\":[{\"@type\":\"ReadAction\",\"target\":[\"https:\/\/www.bgcgm.org\/es\/programs\/solicitud-para-el-ano-escolar-2\/\"]}]},{\"@type\":\"BreadcrumbList\",\"@id\":\"https:\/\/www.bgcgm.org\/es\/programs\/solicitud-para-el-ano-escolar-2\/#breadcrumb\",\"itemListElement\":[{\"@type\":\"ListItem\",\"position\":1,\"name\":\"Home\",\"item\":\"https:\/\/bgcgm.org\/es\/inicio\/\"},{\"@type\":\"ListItem\",\"position\":2,\"name\":\"Programs\",\"item\":\"https:\/\/bgcgm.org\/es\/programs\/\"},{\"@type\":\"ListItem\",\"position\":3,\"name\":\"Matr\u00edcula en d\u00edas no lectivos\"}]},{\"@type\":\"WebSite\",\"@id\":\"https:\/\/bgcgm.org\/#website\",\"url\":\"https:\/\/bgcgm.org\/\",\"name\":\"Boys &amp; Girls Clubs of Greater Manchester\",\"description\":\"Boys &amp; Girls Clubs of Greater Manchester\",\"publisher\":{\"@id\":\"https:\/\/bgcgm.org\/#organization\"},\"potentialAction\":[{\"@type\":\"SearchAction\",\"target\":{\"@type\":\"EntryPoint\",\"urlTemplate\":\"https:\/\/bgcgm.org\/?s={search_term_string}\"},\"query-input\":{\"@type\":\"PropertyValueSpecification\",\"valueRequired\":true,\"valueName\":\"search_term_string\"}}],\"inLanguage\":\"es\"},{\"@type\":\"Organization\",\"@id\":\"https:\/\/bgcgm.org\/#organization\",\"name\":\"Boys &amp; Girls Clubs of Greater Manchester\",\"url\":\"https:\/\/bgcgm.org\/\",\"logo\":{\"@type\":\"ImageObject\",\"inLanguage\":\"es\",\"@id\":\"https:\/\/bgcgm.org\/#\/schema\/logo\/image\/\",\"url\":\"https:\/\/www.bgcgm.org\/wp-content\/uploads\/2022\/04\/BGCGM-CLUBS-Logo-Color-Centered.png\",\"contentUrl\":\"https:\/\/www.bgcgm.org\/wp-content\/uploads\/2022\/04\/BGCGM-CLUBS-Logo-Color-Centered.png\",\"width\":19227,\"height\":10302,\"caption\":\"Boys &amp; Girls Clubs of Greater Manchester\"},\"image\":{\"@id\":\"https:\/\/bgcgm.org\/#\/schema\/logo\/image\/\"}}]}<\/script>\n<!-- \/ Yoast SEO plugin. -->","yoast_head_json":{"title":"BGCGM No Inscripci\u00f3n D\u00eda Escolar","description":"Los Boys & Girls Clubs of Greater Manchester ofrecen programas en determinados \"d\u00edas no lectivos\" para ayudar a aliviar la carga que supone el cuidado de los ni\u00f1os para las familias.","robots":{"index":"index","follow":"follow","max-snippet":"max-snippet:-1","max-image-preview":"max-image-preview:large","max-video-preview":"max-video-preview:-1"},"canonical":"https:\/\/www.bgcgm.org\/es\/programs\/solicitud-para-el-ano-escolar-2\/","og_locale":"es_ES","og_type":"article","og_title":"BGCGM No Inscripci\u00f3n D\u00eda Escolar","og_description":"Los Boys & Girls Clubs of Greater Manchester ofrecen programas en determinados \"d\u00edas no lectivos\" para ayudar a aliviar la carga que supone el cuidado de los ni\u00f1os para las familias.","og_url":"https:\/\/www.bgcgm.org\/es\/programs\/solicitud-para-el-ano-escolar-2\/","og_site_name":"Boys &amp; Girls Clubs of Greater Manchester","article_modified_time":"2026-02-13T17:04:22+00:00","twitter_card":"summary_large_image","schema":{"@context":"https:\/\/schema.org","@graph":[{"@type":"WebPage","@id":"https:\/\/www.bgcgm.org\/es\/programs\/solicitud-para-el-ano-escolar-2\/","url":"https:\/\/www.bgcgm.org\/es\/programs\/solicitud-para-el-ano-escolar-2\/","name":"BGCGM No Inscripci\u00f3n D\u00eda Escolar","isPartOf":{"@id":"https:\/\/bgcgm.org\/#website"},"datePublished":"2025-12-29T13:53:13+00:00","dateModified":"2026-02-13T17:04:22+00:00","description":"Los Boys & Girls Clubs of Greater Manchester ofrecen programas en determinados \"d\u00edas no lectivos\" para ayudar a aliviar la carga que supone el cuidado de los ni\u00f1os para las familias.","breadcrumb":{"@id":"https:\/\/www.bgcgm.org\/es\/programs\/solicitud-para-el-ano-escolar-2\/#breadcrumb"},"inLanguage":"es","potentialAction":[{"@type":"ReadAction","target":["https:\/\/www.bgcgm.org\/es\/programs\/solicitud-para-el-ano-escolar-2\/"]}]},{"@type":"BreadcrumbList","@id":"https:\/\/www.bgcgm.org\/es\/programs\/solicitud-para-el-ano-escolar-2\/#breadcrumb","itemListElement":[{"@type":"ListItem","position":1,"name":"Home","item":"https:\/\/bgcgm.org\/es\/inicio\/"},{"@type":"ListItem","position":2,"name":"Programs","item":"https:\/\/bgcgm.org\/es\/programs\/"},{"@type":"ListItem","position":3,"name":"Matr\u00edcula en d\u00edas no lectivos"}]},{"@type":"WebSite","@id":"https:\/\/bgcgm.org\/#website","url":"https:\/\/bgcgm.org\/","name":"Boys &amp; Girls Clubs of Greater Manchester","description":"Boys &amp; Girls Clubs of Greater Manchester","publisher":{"@id":"https:\/\/bgcgm.org\/#organization"},"potentialAction":[{"@type":"SearchAction","target":{"@type":"EntryPoint","urlTemplate":"https:\/\/bgcgm.org\/?s={search_term_string}"},"query-input":{"@type":"PropertyValueSpecification","valueRequired":true,"valueName":"search_term_string"}}],"inLanguage":"es"},{"@type":"Organization","@id":"https:\/\/bgcgm.org\/#organization","name":"Boys &amp; Girls Clubs of Greater Manchester","url":"https:\/\/bgcgm.org\/","logo":{"@type":"ImageObject","inLanguage":"es","@id":"https:\/\/bgcgm.org\/#\/schema\/logo\/image\/","url":"https:\/\/www.bgcgm.org\/wp-content\/uploads\/2022\/04\/BGCGM-CLUBS-Logo-Color-Centered.png","contentUrl":"https:\/\/www.bgcgm.org\/wp-content\/uploads\/2022\/04\/BGCGM-CLUBS-Logo-Color-Centered.png","width":19227,"height":10302,"caption":"Boys &amp; Girls Clubs of Greater Manchester"},"image":{"@id":"https:\/\/bgcgm.org\/#\/schema\/logo\/image\/"}}]}},"_links":{"self":[{"href":"https:\/\/www.bgcgm.org\/es\/wp-json\/wp\/v2\/pages\/15662","targetHints":{"allow":["GET"]}}],"collection":[{"href":"https:\/\/www.bgcgm.org\/es\/wp-json\/wp\/v2\/pages"}],"about":[{"href":"https:\/\/www.bgcgm.org\/es\/wp-json\/wp\/v2\/types\/page"}],"author":[{"embeddable":true,"href":"https:\/\/www.bgcgm.org\/es\/wp-json\/wp\/v2\/users\/7"}],"replies":[{"embeddable":true,"href":"https:\/\/www.bgcgm.org\/es\/wp-json\/wp\/v2\/comments?post=15662"}],"version-history":[{"count":5,"href":"https:\/\/www.bgcgm.org\/es\/wp-json\/wp\/v2\/pages\/15662\/revisions"}],"predecessor-version":[{"id":15675,"href":"https:\/\/www.bgcgm.org\/es\/wp-json\/wp\/v2\/pages\/15662\/revisions\/15675"}],"up":[{"embeddable":true,"href":"https:\/\/www.bgcgm.org\/es\/wp-json\/wp\/v2\/pages\/12200"}],"wp:attachment":[{"href":"https:\/\/www.bgcgm.org\/es\/wp-json\/wp\/v2\/media?parent=15662"}],"curies":[{"name":"wp","href":"https:\/\/api.w.org\/{rel}","templated":true}]}}